{"id":2252,"date":"2023-03-01T14:50:05","date_gmt":"2023-03-01T13:50:05","guid":{"rendered":"https:\/\/www.marmia.es\/?page_id=2252"},"modified":"2024-06-13T12:44:23","modified_gmt":"2024-06-13T10:44:23","slug":"organize-your-event","status":"publish","type":"page","link":"https:\/\/www.marmia.es\/en\/organize-your-event\/","title":{"rendered":"Organize your event"},"content":{"rendered":"\n<h1 class=\"wp-block-heading has-text-align-center\">Organize your event<\/h1>\n\n\n\n<div style=\"height:40px\" aria-hidden=\"true\" class=\"wp-block-spacer\"><\/div>\n\n\n\n<div class=\"wp-block-columns is-layout-flex wp-container-core-columns-is-layout-9d6595d7 wp-block-columns-is-layout-flex\">\n<div class=\"wp-block-column is-vertically-aligned-center is-layout-flow wp-block-column-is-layout-flow\" style=\"flex-basis:33.34%\">\n<div class=\"wp-block-group\"><div class=\"wp-block-group__inner-container is-layout-constrained wp-block-group-is-layout-constrained\"><div class=\"wp-block-image\">\n<figure class=\"aligncenter size-large\" id=\"showcooking\"><a href=\"https:\/\/www.marmia.es\/en\/spaces\/#showcooking\"><img loading=\"lazy\" decoding=\"async\" width=\"1024\" height=\"683\" src=\"https:\/\/www.marmia.es\/wp-content\/uploads\/2022\/05\/Image00004-1024x683.jpg\" alt=\"\" class=\"wp-image-1403\" srcset=\"https:\/\/www.marmia.es\/wp-content\/uploads\/2022\/05\/Image00004-1024x683.jpg 1024w, https:\/\/www.marmia.es\/wp-content\/uploads\/2022\/05\/Image00004-300x200.jpg 300w, https:\/\/www.marmia.es\/wp-content\/uploads\/2022\/05\/Image00004-768x512.jpg 768w, https:\/\/www.marmia.es\/wp-content\/uploads\/2022\/05\/Image00004-1536x1024.jpg 1536w, https:\/\/www.marmia.es\/wp-content\/uploads\/2022\/05\/Image00004.jpg 1920w\" sizes=\"auto, (max-width: 1024px) 100vw, 1024px\" \/><\/a><\/figure>\n<\/div><\/div><\/div>\n<\/div>\n\n\n\n<div class=\"wp-block-column is-vertically-aligned-center is-layout-flow wp-block-column-is-layout-flow\" style=\"flex-basis:33.34%\"><div class=\"wp-block-image\">\n<figure class=\"aligncenter size-large\" id=\"lounge\"><a href=\"https:\/\/www.marmia.es\/en\/spaces\/#lounge\"><img loading=\"lazy\" decoding=\"async\" width=\"1024\" height=\"683\" src=\"https:\/\/www.marmia.es\/wp-content\/uploads\/2023\/06\/SALON-BARRA-COCTELERIA-1-scaled-1-1024x683.jpg\" alt=\"\" class=\"wp-image-2478\" srcset=\"https:\/\/www.marmia.es\/wp-content\/uploads\/2023\/06\/SALON-BARRA-COCTELERIA-1-scaled-1-1024x683.jpg 1024w, https:\/\/www.marmia.es\/wp-content\/uploads\/2023\/06\/SALON-BARRA-COCTELERIA-1-scaled-1-300x200.jpg 300w, https:\/\/www.marmia.es\/wp-content\/uploads\/2023\/06\/SALON-BARRA-COCTELERIA-1-scaled-1-768x512.jpg 768w, https:\/\/www.marmia.es\/wp-content\/uploads\/2023\/06\/SALON-BARRA-COCTELERIA-1-scaled-1-1536x1024.jpg 1536w, https:\/\/www.marmia.es\/wp-content\/uploads\/2023\/06\/SALON-BARRA-COCTELERIA-1-scaled-1-2048x1366.jpg 2048w\" sizes=\"auto, (max-width: 1024px) 100vw, 1024px\" \/><\/a><\/figure>\n<\/div><\/div>\n\n\n\n<div class=\"wp-block-column is-vertically-aligned-center is-layout-flow wp-block-column-is-layout-flow\" style=\"flex-basis:33.33%\"><div class=\"wp-block-image\">\n<figure class=\"aligncenter size-large\" id=\"the-interior-terrace\"><a href=\"https:\/\/www.marmia.es\/en\/spaces\/#the-interior-terrace\"><img loading=\"lazy\" decoding=\"async\" width=\"1024\" height=\"683\" src=\"https:\/\/www.marmia.es\/wp-content\/uploads\/2022\/06\/DSC8153-1024x683.jpg\" alt=\"\" class=\"wp-image-1577\" srcset=\"https:\/\/www.marmia.es\/wp-content\/uploads\/2022\/06\/DSC8153-1024x683.jpg 1024w, https:\/\/www.marmia.es\/wp-content\/uploads\/2022\/06\/DSC8153-300x200.jpg 300w, https:\/\/www.marmia.es\/wp-content\/uploads\/2022\/06\/DSC8153-768x512.jpg 768w, https:\/\/www.marmia.es\/wp-content\/uploads\/2022\/06\/DSC8153-1536x1024.jpg 1536w, https:\/\/www.marmia.es\/wp-content\/uploads\/2022\/06\/DSC8153-2048x1365.jpg 2048w\" sizes=\"auto, (max-width: 1024px) 100vw, 1024px\" \/><\/a><\/figure>\n<\/div><\/div>\n<\/div>\n\n\n\n<div style=\"height:55px\" aria-hidden=\"true\" class=\"wp-block-spacer\"><\/div>\n\n\n\n<p>Looking for a place for a customized event with exceptional cuisine? At Mar M\u00eda, we offer elegant and versatile spaces for corporate events, social gatherings, or weddings. Our specialized team will take care of every detail to make your celebration unforgettable.<\/p>\n\n\n\n<div style=\"\n    width: 100%;\n    display: flex;\n    align-items: center;\n    justify-content: center;\n\"><a target=\"_blank\" href=\"https:\/\/www.marmia.es\/espacios\/\" style=\"position: relative;margin:10px 20px;\" class=\"btncoverheader\" rel=\"noopener\">View spaces<\/a><\/div>\n\n\n\n<div style=\"height:40px\" aria-hidden=\"true\" class=\"wp-block-spacer\"><\/div>\n\n\n\n<h2 class=\"wp-block-heading has-text-align-center font3\">Ask for information<\/h2>\n\n\n\n<div style=\"height:10px\" aria-hidden=\"true\" class=\"wp-block-spacer\"><\/div>\n\n\n\n<div class=\"wp-block-contact-form-7-contact-form-selector\">\n<div class=\"wpcf7 no-js\" id=\"wpcf7-f2767-o1\" lang=\"en-US\" dir=\"ltr\" data-wpcf7-id=\"2767\">\n<div class=\"screen-reader-response\"><p role=\"status\" aria-live=\"polite\" aria-atomic=\"true\"><\/p> <ul><\/ul><\/div>\n<form action=\"\/en\/wp-json\/wp\/v2\/pages\/2252#wpcf7-f2767-o1\" method=\"post\" class=\"wpcf7-form init\" aria-label=\"Contact form\" novalidate=\"novalidate\" data-status=\"init\">\n<fieldset class=\"hidden-fields-container\"><input type=\"hidden\" name=\"_wpcf7\" value=\"2767\" \/><input type=\"hidden\" name=\"_wpcf7_version\" value=\"6.1.5\" \/><input type=\"hidden\" name=\"_wpcf7_locale\" value=\"en_US\" \/><input type=\"hidden\" name=\"_wpcf7_unit_tag\" value=\"wpcf7-f2767-o1\" \/><input type=\"hidden\" name=\"_wpcf7_container_post\" value=\"0\" \/><input type=\"hidden\" name=\"_wpcf7_posted_data_hash\" value=\"\" \/>\n<\/fieldset>\n<div class=\"inptxt txtfecha\">\n\t<p><label class=\"rectl\">Date<\/label><span class=\"wpcf7-form-control-wrap\" data-name=\"date-397\"><input class=\"wpcf7-form-control wpcf7-date wpcf7-validates-as-required wpcf7-validates-as-date\" aria-required=\"true\" aria-invalid=\"false\" value=\"\" type=\"date\" name=\"date-397\" \/><\/span>\n\t<\/p>\n<\/div>\n<div class=\"inptxt txtotrservicios txtselect\">\n\t<p><label class=\"rectl\">Event type<\/label><br \/>\n<span class=\"wpcf7-form-control-wrap\" data-name=\"menu-954\"><select class=\"wpcf7-form-control wpcf7-select\" aria-invalid=\"false\" name=\"menu-954\"><option value=\"company\">company<\/option><option value=\"Birthday\">Birthday<\/option><option value=\"First Communion\">First Communion<\/option><option value=\"Wedding\">Wedding<\/option><option value=\"Celebration\">Celebration<\/option><option value=\"Other\">Other<\/option><\/select><\/span>\n\t<\/p>\n\t<div class=\"formselecion\">\n\t\t<ul>\n\t\t\t<li name=\"company\">\n\t\t\t\t<p>company\n\t\t\t\t<\/p>\n\t\t\t<\/li>\n\t\t\t<li name=\"Cumplea\u00f1os\">\n\t\t\t\t<p>Birthday\n\t\t\t\t<\/p>\n\t\t\t<\/li>\n\t\t\t<li name=\"Comuni\u00f3n\">\n\t\t\t\t<p>First Communion\n\t\t\t\t<\/p>\n\t\t\t<\/li>\n\t\t\t<li name=\"Boda\">\n\t\t\t\t<p>Wedding\n\t\t\t\t<\/p>\n\t\t\t<\/li>\n\t\t\t<li name=\"Celebraci\u00f3n\">\n\t\t\t\t<p>Celebration\n\t\t\t\t<\/p>\n\t\t\t<\/li>\n\t\t\t<li name=\"Otro\">\n\t\t\t\t<p>Other\n\t\t\t\t<\/p>\n\t\t\t<\/li>\n\t\t<\/ul>\n\t<\/div>\n<\/div>\n<div class=\"inptxt txtemail\">\n\t<p><label class=\"rectl\">Approximate number of people<\/label><br \/>\n<span class=\"wpcf7-form-control-wrap\" data-name=\"number-42\"><input class=\"wpcf7-form-control wpcf7-number wpcf7-validates-as-required wpcf7-validates-as-number\" aria-required=\"true\" aria-invalid=\"false\" value=\"\" type=\"number\" name=\"number-42\" \/><\/span>\n\t<\/p>\n<\/div>\n<div class=\"vistamenus\">\n<\/div>\n<div class=\"inptxt txtotrservicios txtselect\">\n\t<p><label class=\"rectl\">Menu type<\/label><br \/>\n<span class=\"wpcf7-form-control-wrap\" data-name=\"menu-955\"><select class=\"wpcf7-form-control wpcf7-select\" aria-invalid=\"false\" name=\"menu-955\"><option value=\"Arroz\">Arroz<\/option><option value=\"Carne o Pescado\">Carne o Pescado<\/option><option value=\"Tapas\">Tapas<\/option><\/select><\/span>\n\t<\/p>\n\t<div class=\"formselecion\">\n\t\t<ul class=\"btnselc\">\n\t\t\t<li data-gallery=\"btnarroz\" name=\"Arroz\">\n\t\t\t\t<p>Rice\n\t\t\t\t<\/p>\n\t\t\t<\/li>\n\t\t\t<li data-gallery=\"btncarne\" name=\"Carne o Pescado\">\n\t\t\t\t<p>Meat or fish\n\t\t\t\t<\/p>\n\t\t\t<\/li>\n\t\t\t<li data-gallery=\"btntapas\" name=\"Tapas\">\n\t\t\t\t<p>Tapas\n\t\t\t\t<\/p>\n\t\t\t<\/li>\n\t\t<\/ul>\n\t<\/div>\n<\/div>\n<div class=\"inptxt txtnombre\">\n\t<p><label class=\"rectl\">Name and surname<\/label><br \/>\n<span class=\"wpcf7-form-control-wrap\" data-name=\"text-977\"><input size=\"40\" maxlength=\"400\" class=\"wpcf7-form-control wpcf7-text wpcf7-validates-as-required\" aria-required=\"true\" aria-invalid=\"false\" value=\"\" type=\"text\" name=\"text-977\" \/><\/span>\n\t<\/p>\n<\/div>\n<div class=\"inptxt txtemail\">\n\t<p><label class=\"rectl\">Email<\/label><br \/>\n<span class=\"wpcf7-form-control-wrap\" data-name=\"your-email\"><input size=\"40\" maxlength=\"400\" class=\"wpcf7-form-control wpcf7-email wpcf7-validates-as-required wpcf7-text wpcf7-validates-as-email\" aria-required=\"true\" aria-invalid=\"false\" value=\"\" type=\"email\" name=\"your-email\" \/><\/span>\n\t<\/p>\n<\/div>\n<div class=\"inptxt txtemail\">\n\t<p><label class=\"rectl\">Phone<\/label><br \/>\n<span class=\"wpcf7-form-control-wrap\" data-name=\"your-tel\"><input size=\"40\" maxlength=\"400\" class=\"wpcf7-form-control wpcf7-tel wpcf7-validates-as-required wpcf7-text wpcf7-validates-as-tel\" aria-required=\"true\" aria-invalid=\"false\" value=\"\" type=\"tel\" name=\"your-tel\" \/><\/span>\n\t<\/p>\n<\/div>\n<div class=\"inptxt txtarea\">\n\t<p><label class=\"rectl\">Observations<\/label><br \/>\n<span class=\"wpcf7-form-control-wrap\" data-name=\"your-message\"><textarea cols=\"40\" rows=\"10\" maxlength=\"2000\" class=\"wpcf7-form-control wpcf7-textarea\" aria-invalid=\"false\" name=\"your-message\"><\/textarea><\/span>\n\t<\/p>\n<\/div>\n<div>\n\t<p><label><span class=\"wpcf7-form-control-wrap\" data-name=\"acceptance-341\"><span class=\"wpcf7-form-control wpcf7-acceptance\"><span class=\"wpcf7-list-item\"><input type=\"checkbox\" name=\"acceptance-341\" value=\"1\" aria-invalid=\"false\" \/><\/span><\/span><\/span><span class=\"conditiontext\">I have read and accept <a href=\"https:\/\/www.marmia.es\/en\/politica-de-privacidad\/\" rel=\"noopener\" target=\"_blank\">the privacy policy and terms and conditions<\/a><\/span><br \/>\n<\/label>\n\t<\/p>\n<\/div>\n<p><input class=\"wpcf7-form-control wpcf7-submit has-spinner\" type=\"submit\" value=\"Submit\" \/>\n<\/p><div class=\"wpcf7-response-output\" aria-hidden=\"true\"><\/div>\n<\/form>\n<\/div>\n<\/div>\n\n\n\n<div style=\"height:50px\" aria-hidden=\"true\" class=\"wp-block-spacer\"><\/div>\n\n\n\n<div class=\"gallery photozoom\" data-pswp-uid=\"1\" style=\"display:none;\">\n    <figure class=\"btnarroz cont-foto photoswipe-item\">\n        <a href=\"https:\/\/www.marmia.es\/wp-content\/uploads\/2024\/06\/MENU-ARROZ-scaled.jpg\" data-size=\"919x1300\">\n            <img decoding=\"async\" src=\"https:\/\/www.marmia.es\/wp-content\/uploads\/2024\/06\/MENU-ARROZ-scaled.jpg\" alt=\"\">\n            <\/a>\n    <\/figure>\n    <figure class=\"btncarne cont-foto photoswipe-item\">\n        <a href=\"https:\/\/www.marmia.es\/wp-content\/uploads\/2024\/06\/MENU-CARNE-PESCADO-scaled.jpg\" data-size=\"919x1300\">\n            <img decoding=\"async\" src=\"https:\/\/www.marmia.es\/wp-content\/uploads\/2024\/06\/MENU-CARNE-PESCADO-scaled.jpg\" alt=\"\">\n            <\/a>\n    <\/figure>\n    <figure class=\"btntapas cont-foto photoswipe-item\">\n        <a  href=\"https:\/\/www.marmia.es\/wp-content\/uploads\/2024\/06\/MENU-TAPAS-scaled.jpg\" data-size=\"919x1300\">\n            <img decoding=\"async\" src=\"https:\/\/www.marmia.es\/wp-content\/uploads\/2024\/06\/MENU-TAPAS-scaled.jpg\" alt=\"\">\n            <\/a>\n    <\/figure>\n    <\/div>\n\n\n<style>\n.btns{\n        padding-top: 55px!important;\n    }\n.btns > div{\ncursor: pointer;\nfont-family: 'Karla', sans-serif;\n    text-transform: uppercase;\n    font-size: 16px;\n    font-weight: 500;\n    letter-spacing: 3px;\n    background: #d28200 !important;\n    color: #001d33 !important;\n    padding: 8px 14px;\n    display: inline-block;\n    border: none;\n    transition: all 0.4s cubic-bezier(0.23, 0.62, 0.33, 0.98);\n    color: #fff;\n    margin-bottom: 5px;\n    margin-left: 5px;\n    margin-right: 5px;\n}\n<\/style>\n<script type=\"text\/javascript\">\n;(function($) {\n    \/\/$( \".vistamenus\" ).wrap( '<div class=\"btns\"><div class=\"btnarroz\">Men\u00fa Arroz<\/div><div class=\"btncarne\">Men\u00fa Carne o Pescado<\/div><div class=\"btntapas\">Men\u00fa Tapas<\/div><\/div>' );\n$(document).on('click', '.btnselc > li', function(event) {\n event.preventDefault();\n$(\".gallery .\"+$(this).attr('data-gallery')).click();\nconsole.log($(this));\n});\n$(document).on('click', '.txtselect label.rectl', function(event) {\n event.preventDefault();\n$(this).parent().parent().find('.formselecion').slideToggle();\nconsole.log($(this));\n});\n\n$(document).on('click', '.formselecion li', function(event) {\n event.preventDefault();\n$(this).parent().find('li').removeClass('select');\n\n$('select[name=\"menu-954\"] option[value=\"'+$(this).attr('name')+'\"]').prop('selected',true);\nconsole.log($('select[name=\"menu-954\"]').val());\n$(this).addClass('select');\n});\n})(jQuery);\n<\/script>\n","protected":false},"excerpt":{"rendered":"<p>Organize your event Looking for a place for a customized event with exceptional cuisine? At Mar M\u00eda, we offer elegant and versatile spaces for corporate events, social gatherings, or weddings. Our specialized team will take care of every detail to make your celebration unforgettable. View spaces Ask for information<\/p>\n","protected":false},"author":3,"featured_media":0,"parent":0,"menu_order":0,"comment_status":"closed","ping_status":"closed","template":"","meta":{"_acf_changed":false,"footnotes":""},"class_list":["post-2252","page","type-page","status-publish","hentry"],"acf":[],"yoast_head":"<!-- This site is optimized with the Yoast SEO plugin v27.4 - https:\/\/yoast.com\/product\/yoast-seo-wordpress\/ -->\n<title>Organize your event - Mar M\u00eda \u2022 Brasas Mediterr\u00e1neas \u2022 Restaurante | Cocktail | Bar<\/title>\n<meta name=\"robots\" content=\"index, follow, max-snippet:-1, max-image-preview:large, max-video-preview:-1\" \/>\n<link rel=\"canonical\" href=\"https:\/\/www.marmia.es\/en\/organize-your-event\/\" \/>\n<meta property=\"og:locale\" content=\"en_US\" \/>\n<meta property=\"og:type\" content=\"article\" \/>\n<meta property=\"og:title\" content=\"Organize your event - Mar M\u00eda \u2022 Brasas Mediterr\u00e1neas \u2022 Restaurante | Cocktail | Bar\" \/>\n<meta property=\"og:description\" content=\"Organize your event Looking for a place for a customized event with exceptional cuisine? At Mar M\u00eda, we offer elegant and versatile spaces for corporate events, social gatherings, or weddings. Our specialized team will take care of every detail to make your celebration unforgettable. View spaces Ask for information\" \/>\n<meta property=\"og:url\" content=\"https:\/\/www.marmia.es\/en\/organize-your-event\/\" \/>\n<meta property=\"og:site_name\" content=\"Mar M\u00eda \u2022 Brasas Mediterr\u00e1neas \u2022 Restaurante | Cocktail | Bar\" \/>\n<meta property=\"article:modified_time\" content=\"2024-06-13T10:44:23+00:00\" \/>\n<meta property=\"og:image\" content=\"https:\/\/www.marmia.es\/wp-content\/uploads\/2022\/05\/Image00004-1024x683.jpg\" \/>\n<meta name=\"twitter:card\" content=\"summary_large_image\" \/>\n<meta name=\"twitter:label1\" content=\"Est. reading time\" \/>\n\t<meta name=\"twitter:data1\" content=\"2 minutes\" \/>\n<script type=\"application\/ld+json\" class=\"yoast-schema-graph\">{\"@context\":\"https:\\\/\\\/schema.org\",\"@graph\":[{\"@type\":\"WebPage\",\"@id\":\"https:\\\/\\\/www.marmia.es\\\/en\\\/organize-your-event\\\/\",\"url\":\"https:\\\/\\\/www.marmia.es\\\/en\\\/organize-your-event\\\/\",\"name\":\"Organize your event - Mar M\u00eda \u2022 Brasas Mediterr\u00e1neas \u2022 Restaurante | Cocktail | Bar\",\"isPartOf\":{\"@id\":\"https:\\\/\\\/www.marmia.es\\\/#website\"},\"primaryImageOfPage\":{\"@id\":\"https:\\\/\\\/www.marmia.es\\\/en\\\/organize-your-event\\\/#primaryimage\"},\"image\":{\"@id\":\"https:\\\/\\\/www.marmia.es\\\/en\\\/organize-your-event\\\/#primaryimage\"},\"thumbnailUrl\":\"https:\\\/\\\/www.marmia.es\\\/wp-content\\\/uploads\\\/2022\\\/05\\\/Image00004-1024x683.jpg\",\"datePublished\":\"2023-03-01T13:50:05+00:00\",\"dateModified\":\"2024-06-13T10:44:23+00:00\",\"breadcrumb\":{\"@id\":\"https:\\\/\\\/www.marmia.es\\\/en\\\/organize-your-event\\\/#breadcrumb\"},\"inLanguage\":\"en-US\",\"potentialAction\":[{\"@type\":\"ReadAction\",\"target\":[\"https:\\\/\\\/www.marmia.es\\\/en\\\/organize-your-event\\\/\"]}]},{\"@type\":\"ImageObject\",\"inLanguage\":\"en-US\",\"@id\":\"https:\\\/\\\/www.marmia.es\\\/en\\\/organize-your-event\\\/#primaryimage\",\"url\":\"https:\\\/\\\/www.marmia.es\\\/wp-content\\\/uploads\\\/2022\\\/05\\\/Image00004-1024x683.jpg\",\"contentUrl\":\"https:\\\/\\\/www.marmia.es\\\/wp-content\\\/uploads\\\/2022\\\/05\\\/Image00004-1024x683.jpg\"},{\"@type\":\"BreadcrumbList\",\"@id\":\"https:\\\/\\\/www.marmia.es\\\/en\\\/organize-your-event\\\/#breadcrumb\",\"itemListElement\":[{\"@type\":\"ListItem\",\"position\":1,\"name\":\"Portada\",\"item\":\"https:\\\/\\\/www.marmia.es\\\/en\\\/\"},{\"@type\":\"ListItem\",\"position\":2,\"name\":\"Organize your event\"}]},{\"@type\":\"WebSite\",\"@id\":\"https:\\\/\\\/www.marmia.es\\\/#website\",\"url\":\"https:\\\/\\\/www.marmia.es\\\/\",\"name\":\"Mar M\u00eda \u2022 Brasas Mediterr\u00e1neas \u2022 Restaurante | Cocktail | Bar\",\"description\":\"Brasas Mediterr\u00e1neas en el coraz\u00f3n de Madrid. Un Chiringuito Urbano con la esencia mediterr\u00e1nea de su Maravillosa Gastronom\u00eda.\",\"potentialAction\":[{\"@type\":\"SearchAction\",\"target\":{\"@type\":\"EntryPoint\",\"urlTemplate\":\"https:\\\/\\\/www.marmia.es\\\/?s={search_term_string}\"},\"query-input\":{\"@type\":\"PropertyValueSpecification\",\"valueRequired\":true,\"valueName\":\"search_term_string\"}}],\"inLanguage\":\"en-US\"}]}<\/script>\n<!-- \/ Yoast SEO plugin. -->","yoast_head_json":{"title":"Organize your event - Mar M\u00eda \u2022 Brasas Mediterr\u00e1neas \u2022 Restaurante | Cocktail | Bar","robots":{"index":"index","follow":"follow","max-snippet":"max-snippet:-1","max-image-preview":"max-image-preview:large","max-video-preview":"max-video-preview:-1"},"canonical":"https:\/\/www.marmia.es\/en\/organize-your-event\/","og_locale":"en_US","og_type":"article","og_title":"Organize your event - Mar M\u00eda \u2022 Brasas Mediterr\u00e1neas \u2022 Restaurante | Cocktail | Bar","og_description":"Organize your event Looking for a place for a customized event with exceptional cuisine? At Mar M\u00eda, we offer elegant and versatile spaces for corporate events, social gatherings, or weddings. Our specialized team will take care of every detail to make your celebration unforgettable. View spaces Ask for information","og_url":"https:\/\/www.marmia.es\/en\/organize-your-event\/","og_site_name":"Mar M\u00eda \u2022 Brasas Mediterr\u00e1neas \u2022 Restaurante | Cocktail | Bar","article_modified_time":"2024-06-13T10:44:23+00:00","og_image":[{"url":"https:\/\/www.marmia.es\/wp-content\/uploads\/2022\/05\/Image00004-1024x683.jpg","type":"","width":"","height":""}],"twitter_card":"summary_large_image","twitter_misc":{"Est. reading time":"2 minutes"},"schema":{"@context":"https:\/\/schema.org","@graph":[{"@type":"WebPage","@id":"https:\/\/www.marmia.es\/en\/organize-your-event\/","url":"https:\/\/www.marmia.es\/en\/organize-your-event\/","name":"Organize your event - Mar M\u00eda \u2022 Brasas Mediterr\u00e1neas \u2022 Restaurante | Cocktail | Bar","isPartOf":{"@id":"https:\/\/www.marmia.es\/#website"},"primaryImageOfPage":{"@id":"https:\/\/www.marmia.es\/en\/organize-your-event\/#primaryimage"},"image":{"@id":"https:\/\/www.marmia.es\/en\/organize-your-event\/#primaryimage"},"thumbnailUrl":"https:\/\/www.marmia.es\/wp-content\/uploads\/2022\/05\/Image00004-1024x683.jpg","datePublished":"2023-03-01T13:50:05+00:00","dateModified":"2024-06-13T10:44:23+00:00","breadcrumb":{"@id":"https:\/\/www.marmia.es\/en\/organize-your-event\/#breadcrumb"},"inLanguage":"en-US","potentialAction":[{"@type":"ReadAction","target":["https:\/\/www.marmia.es\/en\/organize-your-event\/"]}]},{"@type":"ImageObject","inLanguage":"en-US","@id":"https:\/\/www.marmia.es\/en\/organize-your-event\/#primaryimage","url":"https:\/\/www.marmia.es\/wp-content\/uploads\/2022\/05\/Image00004-1024x683.jpg","contentUrl":"https:\/\/www.marmia.es\/wp-content\/uploads\/2022\/05\/Image00004-1024x683.jpg"},{"@type":"BreadcrumbList","@id":"https:\/\/www.marmia.es\/en\/organize-your-event\/#breadcrumb","itemListElement":[{"@type":"ListItem","position":1,"name":"Portada","item":"https:\/\/www.marmia.es\/en\/"},{"@type":"ListItem","position":2,"name":"Organize your event"}]},{"@type":"WebSite","@id":"https:\/\/www.marmia.es\/#website","url":"https:\/\/www.marmia.es\/","name":"Mar M\u00eda \u2022 Brasas Mediterr\u00e1neas \u2022 Restaurante | Cocktail | Bar","description":"Brasas Mediterr\u00e1neas en el coraz\u00f3n de Madrid. Un Chiringuito Urbano con la esencia mediterr\u00e1nea de su Maravillosa Gastronom\u00eda.","potentialAction":[{"@type":"SearchAction","target":{"@type":"EntryPoint","urlTemplate":"https:\/\/www.marmia.es\/?s={search_term_string}"},"query-input":{"@type":"PropertyValueSpecification","valueRequired":true,"valueName":"search_term_string"}}],"inLanguage":"en-US"}]}},"_links":{"self":[{"href":"https:\/\/www.marmia.es\/en\/wp-json\/wp\/v2\/pages\/2252","targetHints":{"allow":["GET"]}}],"collection":[{"href":"https:\/\/www.marmia.es\/en\/wp-json\/wp\/v2\/pages"}],"about":[{"href":"https:\/\/www.marmia.es\/en\/wp-json\/wp\/v2\/types\/page"}],"author":[{"embeddable":true,"href":"https:\/\/www.marmia.es\/en\/wp-json\/wp\/v2\/users\/3"}],"replies":[{"embeddable":true,"href":"https:\/\/www.marmia.es\/en\/wp-json\/wp\/v2\/comments?post=2252"}],"version-history":[{"count":17,"href":"https:\/\/www.marmia.es\/en\/wp-json\/wp\/v2\/pages\/2252\/revisions"}],"predecessor-version":[{"id":2782,"href":"https:\/\/www.marmia.es\/en\/wp-json\/wp\/v2\/pages\/2252\/revisions\/2782"}],"wp:attachment":[{"href":"https:\/\/www.marmia.es\/en\/wp-json\/wp\/v2\/media?parent=2252"}],"curies":[{"name":"wp","href":"https:\/\/api.w.org\/{rel}","templated":true}]}}