{"id":2259,"date":"2023-02-07T15:16:37","date_gmt":"2023-02-07T14:16:37","guid":{"rendered":"https:\/\/www.marmia.es\/?page_id=2259"},"modified":"2023-06-13T09:21:30","modified_gmt":"2023-06-13T07:21:30","slug":"spaces","status":"publish","type":"page","link":"https:\/\/www.marmia.es\/en\/spaces\/","title":{"rendered":"Spaces"},"content":{"rendered":"<div class=\"lazyblock-headercover2-Z2pzii9 monte wp-block-lazyblock-headercover2\"><section class=\"cover2\">\n        <style>\n            <\/style>\n    <div class=\"titlecover\">\n                                <div>\n            <h2 >Spaces For Every Moment<\/h2>\n        <\/div>\n        <div>\n            <h3 style=\"text-shadow:#001d33 12px -2px 12px;\">Live the Mar M\u00eda experience in all its settings, choosing from its four different environments.<\/h3>\n        <\/div>\n        \n        \n\n    <\/div>\n        <div class=\"img1\" data-center=\"top: 50%;\" data-top-bottom=\"top: 40%;\" style=\"\">\n\n\n            <\/div>\n    <div class=\"img2\" data-top=\"top: 0%;\" data-top-bottom=\"top: 5%;\" style=\"\">\n            <\/div>\n\n    \n\n<\/section>\n<div class=\"mainscreen-trigger\"><\/div>\n<\/div>\n\n\n<div class=\"wp-block-columns is-layout-flex wp-container-core-columns-is-layout-9d6595d7 wp-block-columns-is-layout-flex\">\n<div class=\"wp-block-column postlimit is-layout-flow wp-block-column-is-layout-flow\">\n<div style=\"height:40px\" aria-hidden=\"true\" class=\"wp-block-spacer\"><\/div>\n\n\n\n<div class=\"wp-block-columns is-layout-flex wp-container-core-columns-is-layout-9d6595d7 wp-block-columns-is-layout-flex\">\n<div class=\"wp-block-column postlimit is-layout-flow wp-block-column-is-layout-flow\">\n<div style=\"height:40px\" aria-hidden=\"true\" class=\"wp-block-spacer\"><\/div>\n\n\n\n<figure class=\"wp-block-image size-large\" id=\"showcooking\"><img loading=\"lazy\" decoding=\"async\" width=\"1024\" height=\"576\" src=\"https:\/\/www.marmia.es\/wp-content\/uploads\/2022\/05\/El-Chiringuito-1024x576.png\" alt=\"\" class=\"wp-image-1377\" title=\"\" srcset=\"https:\/\/www.marmia.es\/wp-content\/uploads\/2022\/05\/El-Chiringuito-1024x576.png 1024w, https:\/\/www.marmia.es\/wp-content\/uploads\/2022\/05\/El-Chiringuito-300x169.png 300w, https:\/\/www.marmia.es\/wp-content\/uploads\/2022\/05\/El-Chiringuito-768x432.png 768w, https:\/\/www.marmia.es\/wp-content\/uploads\/2022\/05\/El-Chiringuito.png 1280w\" sizes=\"auto, (max-width: 1024px) 100vw, 1024px\" \/><\/figure>\n\n\n\n<h2 class=\"wp-block-heading font1 margintext has-white-color has-text-color\">Showcooking<\/h2>\n\n\n\n<p>In front of the grill and a bar full of fresh products from the sea, Mar M\u00eda&#8217;s Urban Beach Bar is a space dedicated to enjoying the wonderful Mediterranean cuisine.<\/p>\n\n\n\n<div style=\"height:20px\" aria-hidden=\"true\" class=\"wp-block-spacer mobile\"><\/div>\n\n\n<div class=\"lazyblock-galeriaimagenes-Z2tcN2Y wp-block-lazyblock-galeriaimagenes\"><div class=\"gallery photozoom\">\n        <figure class=\"cont-foto photoswipe-item\" style=\"width: 25%;\">\n        <a href=\"https:\/\/www.marmia.es\/wp-content\/uploads\/2022\/05\/Image00004.jpg\" data-size=\"1536x1024\">\n            <img decoding=\"async\" src=\"https:\/\/www.marmia.es\/wp-content\/uploads\/2022\/05\/Image00004-300x200.jpg\" alt=\"\">\n        <\/a>\n    <\/figure>\n        <figure class=\"cont-foto photoswipe-item\" style=\"width: 25%;\">\n        <a href=\"https:\/\/www.marmia.es\/wp-content\/uploads\/2023\/02\/espacios-marmia-min_11.jpg\" data-size=\"1536x1024\">\n            <img decoding=\"async\" src=\"https:\/\/www.marmia.es\/wp-content\/uploads\/2023\/02\/espacios-marmia-min_11-300x200.jpg\" alt=\"\">\n        <\/a>\n    <\/figure>\n        <figure class=\"cont-foto photoswipe-item\" style=\"width: 25%;\">\n        <a href=\"https:\/\/www.marmia.es\/wp-content\/uploads\/2023\/02\/espacios-marmia-min_8.jpg\" data-size=\"1536x1024\">\n            <img decoding=\"async\" src=\"https:\/\/www.marmia.es\/wp-content\/uploads\/2023\/02\/espacios-marmia-min_8-300x200.jpg\" alt=\"\">\n        <\/a>\n    <\/figure>\n        <figure class=\"cont-foto photoswipe-item\" style=\"width: 25%;\">\n        <a href=\"https:\/\/www.marmia.es\/wp-content\/uploads\/2023\/02\/espacios-marmia-min_5-1.jpg\" data-size=\"1536x1024\">\n            <img decoding=\"async\" src=\"https:\/\/www.marmia.es\/wp-content\/uploads\/2023\/02\/espacios-marmia-min_5-1-300x200.jpg\" alt=\"\">\n        <\/a>\n    <\/figure>\n    <\/div>\n\n<\/div>\n\n\n<div style=\"height:15px\" aria-hidden=\"true\" class=\"wp-block-spacer\"><\/div>\n\n\n\n<hr class=\"wp-block-separator has-text-color has-alpha-channel-opacity has-background is-style-default\" style=\"background-color:#d28200;color:#d28200\"\/>\n\n\n\n<div style=\"height:50px\" aria-hidden=\"true\" class=\"wp-block-spacer\"><\/div>\n\n\n\n<figure class=\"wp-block-image size-large\" id=\"lounge\"><img loading=\"lazy\" decoding=\"async\" width=\"1024\" height=\"576\" src=\"https:\/\/www.marmia.es\/wp-content\/uploads\/2022\/05\/El-Puerto-1024x576.png\" alt=\"\" class=\"wp-image-1380\" srcset=\"https:\/\/www.marmia.es\/wp-content\/uploads\/2022\/05\/El-Puerto-1024x576.png 1024w, https:\/\/www.marmia.es\/wp-content\/uploads\/2022\/05\/El-Puerto-300x169.png 300w, https:\/\/www.marmia.es\/wp-content\/uploads\/2022\/05\/El-Puerto-768x432.png 768w, https:\/\/www.marmia.es\/wp-content\/uploads\/2022\/05\/El-Puerto.png 1280w\" sizes=\"auto, (max-width: 1024px) 100vw, 1024px\" \/><\/figure>\n\n\n\n<h2 class=\"wp-block-heading font1 margintext has-white-color has-text-color\" id=\"lounge\">Lounge<\/h2>\n\n\n\n<p>As a welcome, a cocktail area becomes the perfect Madrid Afterwork. The bar dominates the entrance, but it also communicates with a space with sofas and tables illuminated by an interior garden patio, where you can enjoy the gastronomy of Mar M\u00eda in a more informal way.<\/p>\n\n\n\n<div style=\"height:20px\" aria-hidden=\"true\" class=\"wp-block-spacer mobile\"><\/div>\n\n\n<div class=\"lazyblock-galeriaimagenes-1DIXJG wp-block-lazyblock-galeriaimagenes\"><div class=\"gallery photozoom\">\n        <figure class=\"cont-foto photoswipe-item\" style=\"width: 25%;\">\n        <a href=\"https:\/\/www.marmia.es\/wp-content\/uploads\/2023\/06\/SALON-BARRA-COCTELERIA-1-scaled-1.jpg\" data-size=\"2048x1366\">\n            <img decoding=\"async\" src=\"https:\/\/www.marmia.es\/wp-content\/uploads\/2023\/06\/SALON-BARRA-COCTELERIA-1-scaled-1-300x200.jpg\" alt=\"\">\n        <\/a>\n    <\/figure>\n        <figure class=\"cont-foto photoswipe-item\" style=\"width: 25%;\">\n        <a href=\"https:\/\/www.marmia.es\/wp-content\/uploads\/2023\/06\/Panorama-A-1-scaled-1.jpg\" data-size=\"2048x1151\">\n            <img decoding=\"async\" src=\"https:\/\/www.marmia.es\/wp-content\/uploads\/2023\/06\/Panorama-A-1-scaled-1-300x169.jpg\" alt=\"\">\n        <\/a>\n    <\/figure>\n        <figure class=\"cont-foto photoswipe-item\" style=\"width: 25%;\">\n        <a href=\"https:\/\/www.marmia.es\/wp-content\/uploads\/2023\/06\/VISTA-DESDE-COCTELERIA-A-SALON-1-scaled-1.jpg\" data-size=\"2048x1366\">\n            <img decoding=\"async\" src=\"https:\/\/www.marmia.es\/wp-content\/uploads\/2023\/06\/VISTA-DESDE-COCTELERIA-A-SALON-1-scaled-1-300x200.jpg\" alt=\"\">\n        <\/a>\n    <\/figure>\n        <figure class=\"cont-foto photoswipe-item\" style=\"width: 25%;\">\n        <a href=\"https:\/\/www.marmia.es\/wp-content\/uploads\/2023\/06\/SALON-MESA-ZONA-DJ-1-scaled-1.jpg\" data-size=\"2048x1366\">\n            <img decoding=\"async\" src=\"https:\/\/www.marmia.es\/wp-content\/uploads\/2023\/06\/SALON-MESA-ZONA-DJ-1-scaled-1-300x200.jpg\" alt=\"\">\n        <\/a>\n    <\/figure>\n    <\/div>\n\n<\/div>\n\n\n<div style=\"height:15px\" aria-hidden=\"true\" class=\"wp-block-spacer\"><\/div>\n\n\n\n<hr class=\"wp-block-separator has-text-color has-alpha-channel-opacity has-background is-style-default\" style=\"background-color:#d28200;color:#d28200\"\/>\n\n\n\n<div style=\"height:50px\" aria-hidden=\"true\" class=\"wp-block-spacer\"><\/div>\n\n\n\n<figure class=\"wp-block-image size-large\" id=\"the-interior-terrace\"><img loading=\"lazy\" decoding=\"async\" width=\"1024\" height=\"576\" src=\"https:\/\/www.marmia.es\/wp-content\/uploads\/2022\/05\/La-Playa-1024x576.png\" alt=\"\" class=\"wp-image-1382\" srcset=\"https:\/\/www.marmia.es\/wp-content\/uploads\/2022\/05\/La-Playa-1024x576.png 1024w, https:\/\/www.marmia.es\/wp-content\/uploads\/2022\/05\/La-Playa-300x169.png 300w, https:\/\/www.marmia.es\/wp-content\/uploads\/2022\/05\/La-Playa-768x432.png 768w, https:\/\/www.marmia.es\/wp-content\/uploads\/2022\/05\/La-Playa.png 1280w\" sizes=\"auto, (max-width: 1024px) 100vw, 1024px\" \/><\/figure>\n\n\n\n<h2 class=\"wp-block-heading font1 margintext has-white-color has-text-color\">The Interior Terrace<\/h2>\n\n\n\n<p>A large space illuminated with natural light where Mar M\u00eda offers you its gastronomic experience along with a varied musical and cultural program.<\/p>\n\n\n<div class=\"lazyblock-galeriaimagenes-y31no wp-block-lazyblock-galeriaimagenes\"><div class=\"gallery photozoom\">\n        <figure class=\"cont-foto photoswipe-item\" style=\"width: 25%;\">\n        <a href=\"https:\/\/www.marmia.es\/wp-content\/uploads\/2023\/02\/espacios-marmia-min_9.jpg\" data-size=\"1536x863\">\n            <img decoding=\"async\" src=\"https:\/\/www.marmia.es\/wp-content\/uploads\/2023\/02\/espacios-marmia-min_9-300x169.jpg\" alt=\"\">\n        <\/a>\n    <\/figure>\n        <figure class=\"cont-foto photoswipe-item\" style=\"width: 25%;\">\n        <a href=\"https:\/\/www.marmia.es\/wp-content\/uploads\/2022\/06\/DSC0373-scaled.jpg\" data-size=\"1365x2048\">\n            <img decoding=\"async\" src=\"https:\/\/www.marmia.es\/wp-content\/uploads\/2022\/06\/DSC0373-200x300.jpg\" alt=\"\">\n        <\/a>\n    <\/figure>\n        <figure class=\"cont-foto photoswipe-item\" style=\"width: 25%;\">\n        <a href=\"https:\/\/www.marmia.es\/wp-content\/uploads\/2022\/06\/DSC8153-scaled.jpg\" data-size=\"2048x1365\">\n            <img decoding=\"async\" src=\"https:\/\/www.marmia.es\/wp-content\/uploads\/2022\/06\/DSC8153-300x200.jpg\" alt=\"\">\n        <\/a>\n    <\/figure>\n        <figure class=\"cont-foto photoswipe-item\" style=\"width: 25%;\">\n        <a href=\"https:\/\/www.marmia.es\/wp-content\/uploads\/2022\/06\/DSC0361-scaled.jpg\" data-size=\"2048x1365\">\n            <img decoding=\"async\" src=\"https:\/\/www.marmia.es\/wp-content\/uploads\/2022\/06\/DSC0361-300x200.jpg\" alt=\"\">\n        <\/a>\n    <\/figure>\n    <\/div>\n\n<\/div>\n\n\n<div style=\"height:15px\" aria-hidden=\"true\" class=\"wp-block-spacer\"><\/div>\n\n\n\n<hr class=\"wp-block-separator has-text-color has-alpha-channel-opacity has-background is-style-default\" style=\"background-color:#d28200;color:#d28200\"\/>\n\n\n\n<div style=\"height:50px\" aria-hidden=\"true\" class=\"wp-block-spacer\"><\/div>\n\n\n\n<h2 class=\"wp-block-heading font1 margintext has-white-color has-text-color\">Roof Top<\/h2>\n\n\n\n<p>On the upper floor, Mar M\u00eda offers you a Mediterranean Terrace with a swimming pool where you can also enjoy privileged views of the<em> Teatro Real (Royal Theater)<\/em>,<em> Palacio Real (Royal Palace)<\/em> and the rooftops of central Madrid.<\/p>\n\n\n\n<div style=\"height:40px\" aria-hidden=\"true\" class=\"wp-block-spacer\"><\/div>\n<\/div>\n<\/div>\n\n\n\n<div style=\"height:40px\" aria-hidden=\"true\" class=\"wp-block-spacer\"><\/div>\n<\/div>\n<\/div>\n\n\n\n<div style=\"height:60px\" aria-hidden=\"true\" class=\"wp-block-spacer\"><\/div>\n","protected":false},"excerpt":{"rendered":"<p>Showcooking In front of the grill and a bar full of fresh products from the sea, Mar M\u00eda&#8217;s Urban Beach Bar is a space dedicated to enjoying the wonderful Mediterranean cuisine. Lounge As a welcome, a cocktail area becomes the perfect Madrid Afterwork. The bar dominates the entrance, but it also communicates with a space [&hellip;]<\/p>\n","protected":false},"author":3,"featured_media":0,"parent":0,"menu_order":0,"comment_status":"closed","ping_status":"closed","template":"","meta":{"_acf_changed":false,"footnotes":""},"class_list":["post-2259","page","type-page","status-publish","hentry"],"acf":[],"yoast_head":"<!-- This site is optimized with the Yoast SEO plugin v27.4 - https:\/\/yoast.com\/product\/yoast-seo-wordpress\/ -->\n<title>Spaces - Mar M\u00eda \u2022 Brasas Mediterr\u00e1neas \u2022 Restaurante | Cocktail | Bar<\/title>\n<meta name=\"robots\" content=\"index, follow, max-snippet:-1, max-image-preview:large, max-video-preview:-1\" \/>\n<link rel=\"canonical\" href=\"https:\/\/www.marmia.es\/en\/spaces\/\" \/>\n<meta property=\"og:locale\" content=\"en_US\" \/>\n<meta property=\"og:type\" content=\"article\" \/>\n<meta property=\"og:title\" content=\"Spaces - Mar M\u00eda \u2022 Brasas Mediterr\u00e1neas \u2022 Restaurante | Cocktail | Bar\" \/>\n<meta property=\"og:description\" content=\"Showcooking In front of the grill and a bar full of fresh products from the sea, Mar M\u00eda&#8217;s Urban Beach Bar is a space dedicated to enjoying the wonderful Mediterranean cuisine. Lounge As a welcome, a cocktail area becomes the perfect Madrid Afterwork. The bar dominates the entrance, but it also communicates with a space [&hellip;]\" \/>\n<meta property=\"og:url\" content=\"https:\/\/www.marmia.es\/en\/spaces\/\" \/>\n<meta property=\"og:site_name\" content=\"Mar M\u00eda \u2022 Brasas Mediterr\u00e1neas \u2022 Restaurante | Cocktail | Bar\" \/>\n<meta property=\"article:modified_time\" content=\"2023-06-13T07:21:30+00:00\" \/>\n<meta property=\"og:image\" content=\"https:\/\/www.marmia.es\/wp-content\/uploads\/2022\/05\/El-Chiringuito-1024x576.png\" \/>\n<meta name=\"twitter:card\" content=\"summary_large_image\" \/>\n<meta name=\"twitter:label1\" content=\"Est. reading time\" \/>\n\t<meta name=\"twitter:data1\" content=\"2 minutes\" \/>\n<script type=\"application\/ld+json\" class=\"yoast-schema-graph\">{\"@context\":\"https:\\\/\\\/schema.org\",\"@graph\":[{\"@type\":\"WebPage\",\"@id\":\"https:\\\/\\\/www.marmia.es\\\/en\\\/spaces\\\/\",\"url\":\"https:\\\/\\\/www.marmia.es\\\/en\\\/spaces\\\/\",\"name\":\"Spaces - Mar M\u00eda \u2022 Brasas Mediterr\u00e1neas \u2022 Restaurante | Cocktail | Bar\",\"isPartOf\":{\"@id\":\"https:\\\/\\\/www.marmia.es\\\/#website\"},\"primaryImageOfPage\":{\"@id\":\"https:\\\/\\\/www.marmia.es\\\/en\\\/spaces\\\/#primaryimage\"},\"image\":{\"@id\":\"https:\\\/\\\/www.marmia.es\\\/en\\\/spaces\\\/#primaryimage\"},\"thumbnailUrl\":\"https:\\\/\\\/www.marmia.es\\\/wp-content\\\/uploads\\\/2022\\\/05\\\/El-Chiringuito-1024x576.png\",\"datePublished\":\"2023-02-07T14:16:37+00:00\",\"dateModified\":\"2023-06-13T07:21:30+00:00\",\"breadcrumb\":{\"@id\":\"https:\\\/\\\/www.marmia.es\\\/en\\\/spaces\\\/#breadcrumb\"},\"inLanguage\":\"en-US\",\"potentialAction\":[{\"@type\":\"ReadAction\",\"target\":[\"https:\\\/\\\/www.marmia.es\\\/en\\\/spaces\\\/\"]}]},{\"@type\":\"ImageObject\",\"inLanguage\":\"en-US\",\"@id\":\"https:\\\/\\\/www.marmia.es\\\/en\\\/spaces\\\/#primaryimage\",\"url\":\"https:\\\/\\\/www.marmia.es\\\/wp-content\\\/uploads\\\/2022\\\/05\\\/El-Chiringuito-1024x576.png\",\"contentUrl\":\"https:\\\/\\\/www.marmia.es\\\/wp-content\\\/uploads\\\/2022\\\/05\\\/El-Chiringuito-1024x576.png\"},{\"@type\":\"BreadcrumbList\",\"@id\":\"https:\\\/\\\/www.marmia.es\\\/en\\\/spaces\\\/#breadcrumb\",\"itemListElement\":[{\"@type\":\"ListItem\",\"position\":1,\"name\":\"Portada\",\"item\":\"https:\\\/\\\/www.marmia.es\\\/en\\\/\"},{\"@type\":\"ListItem\",\"position\":2,\"name\":\"Spaces\"}]},{\"@type\":\"WebSite\",\"@id\":\"https:\\\/\\\/www.marmia.es\\\/#website\",\"url\":\"https:\\\/\\\/www.marmia.es\\\/\",\"name\":\"Mar M\u00eda \u2022 Brasas Mediterr\u00e1neas \u2022 Restaurante | Cocktail | Bar\",\"description\":\"Brasas Mediterr\u00e1neas en el coraz\u00f3n de Madrid. Un Chiringuito Urbano con la esencia mediterr\u00e1nea de su Maravillosa Gastronom\u00eda.\",\"potentialAction\":[{\"@type\":\"SearchAction\",\"target\":{\"@type\":\"EntryPoint\",\"urlTemplate\":\"https:\\\/\\\/www.marmia.es\\\/?s={search_term_string}\"},\"query-input\":{\"@type\":\"PropertyValueSpecification\",\"valueRequired\":true,\"valueName\":\"search_term_string\"}}],\"inLanguage\":\"en-US\"}]}<\/script>\n<!-- \/ Yoast SEO plugin. -->","yoast_head_json":{"title":"Spaces - Mar M\u00eda \u2022 Brasas Mediterr\u00e1neas \u2022 Restaurante | Cocktail | Bar","robots":{"index":"index","follow":"follow","max-snippet":"max-snippet:-1","max-image-preview":"max-image-preview:large","max-video-preview":"max-video-preview:-1"},"canonical":"https:\/\/www.marmia.es\/en\/spaces\/","og_locale":"en_US","og_type":"article","og_title":"Spaces - Mar M\u00eda \u2022 Brasas Mediterr\u00e1neas \u2022 Restaurante | Cocktail | Bar","og_description":"Showcooking In front of the grill and a bar full of fresh products from the sea, Mar M\u00eda&#8217;s Urban Beach Bar is a space dedicated to enjoying the wonderful Mediterranean cuisine. Lounge As a welcome, a cocktail area becomes the perfect Madrid Afterwork. The bar dominates the entrance, but it also communicates with a space [&hellip;]","og_url":"https:\/\/www.marmia.es\/en\/spaces\/","og_site_name":"Mar M\u00eda \u2022 Brasas Mediterr\u00e1neas \u2022 Restaurante | Cocktail | Bar","article_modified_time":"2023-06-13T07:21:30+00:00","og_image":[{"url":"https:\/\/www.marmia.es\/wp-content\/uploads\/2022\/05\/El-Chiringuito-1024x576.png","type":"","width":"","height":""}],"twitter_card":"summary_large_image","twitter_misc":{"Est. reading time":"2 minutes"},"schema":{"@context":"https:\/\/schema.org","@graph":[{"@type":"WebPage","@id":"https:\/\/www.marmia.es\/en\/spaces\/","url":"https:\/\/www.marmia.es\/en\/spaces\/","name":"Spaces - Mar M\u00eda \u2022 Brasas Mediterr\u00e1neas \u2022 Restaurante | Cocktail | Bar","isPartOf":{"@id":"https:\/\/www.marmia.es\/#website"},"primaryImageOfPage":{"@id":"https:\/\/www.marmia.es\/en\/spaces\/#primaryimage"},"image":{"@id":"https:\/\/www.marmia.es\/en\/spaces\/#primaryimage"},"thumbnailUrl":"https:\/\/www.marmia.es\/wp-content\/uploads\/2022\/05\/El-Chiringuito-1024x576.png","datePublished":"2023-02-07T14:16:37+00:00","dateModified":"2023-06-13T07:21:30+00:00","breadcrumb":{"@id":"https:\/\/www.marmia.es\/en\/spaces\/#breadcrumb"},"inLanguage":"en-US","potentialAction":[{"@type":"ReadAction","target":["https:\/\/www.marmia.es\/en\/spaces\/"]}]},{"@type":"ImageObject","inLanguage":"en-US","@id":"https:\/\/www.marmia.es\/en\/spaces\/#primaryimage","url":"https:\/\/www.marmia.es\/wp-content\/uploads\/2022\/05\/El-Chiringuito-1024x576.png","contentUrl":"https:\/\/www.marmia.es\/wp-content\/uploads\/2022\/05\/El-Chiringuito-1024x576.png"},{"@type":"BreadcrumbList","@id":"https:\/\/www.marmia.es\/en\/spaces\/#breadcrumb","itemListElement":[{"@type":"ListItem","position":1,"name":"Portada","item":"https:\/\/www.marmia.es\/en\/"},{"@type":"ListItem","position":2,"name":"Spaces"}]},{"@type":"WebSite","@id":"https:\/\/www.marmia.es\/#website","url":"https:\/\/www.marmia.es\/","name":"Mar M\u00eda \u2022 Brasas Mediterr\u00e1neas \u2022 Restaurante | Cocktail | Bar","description":"Brasas Mediterr\u00e1neas en el coraz\u00f3n de Madrid. Un Chiringuito Urbano con la esencia mediterr\u00e1nea de su Maravillosa Gastronom\u00eda.","potentialAction":[{"@type":"SearchAction","target":{"@type":"EntryPoint","urlTemplate":"https:\/\/www.marmia.es\/?s={search_term_string}"},"query-input":{"@type":"PropertyValueSpecification","valueRequired":true,"valueName":"search_term_string"}}],"inLanguage":"en-US"}]}},"_links":{"self":[{"href":"https:\/\/www.marmia.es\/en\/wp-json\/wp\/v2\/pages\/2259","targetHints":{"allow":["GET"]}}],"collection":[{"href":"https:\/\/www.marmia.es\/en\/wp-json\/wp\/v2\/pages"}],"about":[{"href":"https:\/\/www.marmia.es\/en\/wp-json\/wp\/v2\/types\/page"}],"author":[{"embeddable":true,"href":"https:\/\/www.marmia.es\/en\/wp-json\/wp\/v2\/users\/3"}],"replies":[{"embeddable":true,"href":"https:\/\/www.marmia.es\/en\/wp-json\/wp\/v2\/comments?post=2259"}],"version-history":[{"count":12,"href":"https:\/\/www.marmia.es\/en\/wp-json\/wp\/v2\/pages\/2259\/revisions"}],"predecessor-version":[{"id":2484,"href":"https:\/\/www.marmia.es\/en\/wp-json\/wp\/v2\/pages\/2259\/revisions\/2484"}],"wp:attachment":[{"href":"https:\/\/www.marmia.es\/en\/wp-json\/wp\/v2\/media?parent=2259"}],"curies":[{"name":"wp","href":"https:\/\/api.w.org\/{rel}","templated":true}]}}