{"id":940,"date":"2022-02-24T13:28:07","date_gmt":"2022-02-24T12:28:07","guid":{"rendered":"https:\/\/www.marmia.es\/?page_id=940"},"modified":"2023-02-16T15:47:40","modified_gmt":"2023-02-16T14:47:40","slug":"concept","status":"publish","type":"page","link":"https:\/\/www.marmia.es\/en\/concept\/","title":{"rendered":"Concept"},"content":{"rendered":"<div class=\"lazyblock-headercover2-Z2pzii9 monte wp-block-lazyblock-headercover2\"><section class=\"cover2\">\n        <style>\n            <\/style>\n    <div class=\"titlecover\">\n                                <div>\n            <h2 >Mar M\u00eda, a gastronomic history of the Levante Mediterranean<\/h2>\n        <\/div>\n        <div>\n            <h3 style=\"text-shadow:#001d33 12px -2px 12px;\">Our culture: Captivated by the sea and in love with what\u2019s on the inside.<\/h3>\n        <\/div>\n        \n        \n\n    <\/div>\n        <div class=\"img1\" data-center=\"top: 50%;\" data-top-bottom=\"top: 40%;\" style=\"\">\n\n\n            <\/div>\n    <div class=\"img2\" data-top=\"top: 0%;\" data-top-bottom=\"top: 5%;\" style=\"\">\n            <\/div>\n\n    \n\n<\/section>\n<div class=\"mainscreen-trigger\"><\/div>\n<\/div>\n\n\n<div style=\"height:40px\" aria-hidden=\"true\" class=\"wp-block-spacer\"><\/div>\n\n\n\n<h3 class=\"titletext wp-block-heading\">Wonderful Gastronomy<\/h3>\n\n\n\n<p>Land of the sea and mountains, full of light, crossed by invaders, Phoenicians, Romans, Arabs, Carthaginians and other conquerors who full of knowledge, customs and culture. A diverse gastronomy, with the axis of the sea and the orchards of the interior, fundamentally based on olive oil and immediately accessible products provided by the land and the sea.<\/p>\n\n\n\n<p>The conservation methods, the diversity of cultures, the economy of scarcity, the resources of the sea and the orchard have defined a unique as nd Mediterranean style that now comes to Mar M\u00eda to enter the city purest gastronomy of the Southeast of Spain.<\/p>\n\n\n\n<div style=\"height:40px\" aria-hidden=\"true\" class=\"wp-block-spacer\"><\/div>\n\n\n\n<div class=\"wp-block-columns is-layout-flex wp-container-core-columns-is-layout-9d6595d7 wp-block-columns-is-layout-flex\">\n<div class=\"wp-block-column postlimit is-layout-flow wp-block-column-is-layout-flow\">\n<h3 class=\"titletext wp-block-heading\">A STRONG AND WELL-DEFINED CONCEPT<\/h3>\n\n\n\n<p>Mar M\u00eda defines itself as a Chic Urban Beach Bar. A transversal concept that maintains the freshness and customs of the Mediterranean gastronomic universe, which you can discover in the different environments created within an urban hotel.<\/p>\n\n\n\n<p><\/p>\n\n\n\n<div style=\"height:40px\" aria-hidden=\"true\" class=\"wp-block-spacer\"><\/div>\n\n\n\n<h3 class=\"titletext wp-block-heading\">WHAT WILL YOU FIND IN MAR M\u00cdA?<\/h3>\n\n\n\n<p>A non-stop kitchen, where the Mediterranean Grills are under the control of Chef Rafa Zafra (Estimar) and the fabulous rice dishes of Lu\u00eds Rodr\u00edguez (Casa El\u00edas) are prepared, all under the Mar M\u00eda Mediterranean concept designed by Carlos Bosch (El Portal &amp; Bar Manero), who has managed to elevate informal tapas to luxury with his gastronomic projects. As a setting, the Ocean Drive hotel, the proposal of the entrepreneur and hotelier Marc Rahola.<\/p>\n\n\n\n<p><\/p>\n\n\n\n<div style=\"height:40px\" aria-hidden=\"true\" class=\"wp-block-spacer\"><\/div>\n\n\n\n<h3 class=\"titletext wp-block-heading\">SPACES FOR EVERY MOMENT<\/h3>\n\n\n\n<p>Live the Mar M\u00eda experience in all its settings, choosing from its <a href=\"https:\/\/www.marmia.es\/en\/espacios\/\">four different environments.<\/a><\/p>\n\n\n\n<div style=\"height:40px\" aria-hidden=\"true\" class=\"wp-block-spacer\"><\/div>\n<\/div>\n<\/div>\n\n\n\n<div style=\"height:60px\" aria-hidden=\"true\" class=\"wp-block-spacer\"><\/div>\n","protected":false},"excerpt":{"rendered":"<p>Wonderful Gastronomy Land of the sea and mountains, full of light, crossed by invaders, Phoenicians, Romans, Arabs, Carthaginians and other conquerors who full of knowledge, customs and culture. A diverse gastronomy, with the axis of the sea and the orchards of the interior, fundamentally based on olive oil and immediately accessible products provided by the [&hellip;]<\/p>\n","protected":false},"author":2,"featured_media":0,"parent":0,"menu_order":0,"comment_status":"closed","ping_status":"closed","template":"","meta":{"_acf_changed":false,"footnotes":""},"class_list":["post-940","page","type-page","status-publish","hentry"],"acf":[],"yoast_head":"<!-- This site is optimized with the Yoast SEO plugin v27.4 - https:\/\/yoast.com\/product\/yoast-seo-wordpress\/ -->\n<title>Concept - Mar M\u00eda \u2022 Brasas Mediterr\u00e1neas \u2022 Restaurante | Cocktail | Bar<\/title>\n<meta name=\"robots\" content=\"index, follow, max-snippet:-1, max-image-preview:large, max-video-preview:-1\" \/>\n<link rel=\"canonical\" href=\"https:\/\/www.marmia.es\/en\/concept\/\" \/>\n<meta property=\"og:locale\" content=\"en_US\" \/>\n<meta property=\"og:type\" content=\"article\" \/>\n<meta property=\"og:title\" content=\"Concept - Mar M\u00eda \u2022 Brasas Mediterr\u00e1neas \u2022 Restaurante | Cocktail | Bar\" \/>\n<meta property=\"og:description\" content=\"Wonderful Gastronomy Land of the sea and mountains, full of light, crossed by invaders, Phoenicians, Romans, Arabs, Carthaginians and other conquerors who full of knowledge, customs and culture. A diverse gastronomy, with the axis of the sea and the orchards of the interior, fundamentally based on olive oil and immediately accessible products provided by the [&hellip;]\" \/>\n<meta property=\"og:url\" content=\"https:\/\/www.marmia.es\/en\/concept\/\" \/>\n<meta property=\"og:site_name\" content=\"Mar M\u00eda \u2022 Brasas Mediterr\u00e1neas \u2022 Restaurante | Cocktail | Bar\" \/>\n<meta property=\"article:modified_time\" content=\"2023-02-16T14:47:40+00:00\" \/>\n<meta name=\"twitter:card\" content=\"summary_large_image\" \/>\n<meta name=\"twitter:label1\" content=\"Est. reading time\" \/>\n\t<meta name=\"twitter:data1\" content=\"2 minutes\" \/>\n<script type=\"application\/ld+json\" class=\"yoast-schema-graph\">{\"@context\":\"https:\\\/\\\/schema.org\",\"@graph\":[{\"@type\":\"WebPage\",\"@id\":\"https:\\\/\\\/www.marmia.es\\\/en\\\/concept\\\/\",\"url\":\"https:\\\/\\\/www.marmia.es\\\/en\\\/concept\\\/\",\"name\":\"Concept - Mar M\u00eda \u2022 Brasas Mediterr\u00e1neas \u2022 Restaurante | Cocktail | Bar\",\"isPartOf\":{\"@id\":\"https:\\\/\\\/www.marmia.es\\\/#website\"},\"datePublished\":\"2022-02-24T12:28:07+00:00\",\"dateModified\":\"2023-02-16T14:47:40+00:00\",\"breadcrumb\":{\"@id\":\"https:\\\/\\\/www.marmia.es\\\/en\\\/concept\\\/#breadcrumb\"},\"inLanguage\":\"en-US\",\"potentialAction\":[{\"@type\":\"ReadAction\",\"target\":[\"https:\\\/\\\/www.marmia.es\\\/en\\\/concept\\\/\"]}]},{\"@type\":\"BreadcrumbList\",\"@id\":\"https:\\\/\\\/www.marmia.es\\\/en\\\/concept\\\/#breadcrumb\",\"itemListElement\":[{\"@type\":\"ListItem\",\"position\":1,\"name\":\"Portada\",\"item\":\"https:\\\/\\\/www.marmia.es\\\/en\\\/\"},{\"@type\":\"ListItem\",\"position\":2,\"name\":\"Concept\"}]},{\"@type\":\"WebSite\",\"@id\":\"https:\\\/\\\/www.marmia.es\\\/#website\",\"url\":\"https:\\\/\\\/www.marmia.es\\\/\",\"name\":\"Mar M\u00eda \u2022 Brasas Mediterr\u00e1neas \u2022 Restaurante | Cocktail | Bar\",\"description\":\"Brasas Mediterr\u00e1neas en el coraz\u00f3n de Madrid. Un Chiringuito Urbano con la esencia mediterr\u00e1nea de su Maravillosa Gastronom\u00eda.\",\"potentialAction\":[{\"@type\":\"SearchAction\",\"target\":{\"@type\":\"EntryPoint\",\"urlTemplate\":\"https:\\\/\\\/www.marmia.es\\\/?s={search_term_string}\"},\"query-input\":{\"@type\":\"PropertyValueSpecification\",\"valueRequired\":true,\"valueName\":\"search_term_string\"}}],\"inLanguage\":\"en-US\"}]}<\/script>\n<!-- \/ Yoast SEO plugin. -->","yoast_head_json":{"title":"Concept - Mar M\u00eda \u2022 Brasas Mediterr\u00e1neas \u2022 Restaurante | Cocktail | Bar","robots":{"index":"index","follow":"follow","max-snippet":"max-snippet:-1","max-image-preview":"max-image-preview:large","max-video-preview":"max-video-preview:-1"},"canonical":"https:\/\/www.marmia.es\/en\/concept\/","og_locale":"en_US","og_type":"article","og_title":"Concept - Mar M\u00eda \u2022 Brasas Mediterr\u00e1neas \u2022 Restaurante | Cocktail | Bar","og_description":"Wonderful Gastronomy Land of the sea and mountains, full of light, crossed by invaders, Phoenicians, Romans, Arabs, Carthaginians and other conquerors who full of knowledge, customs and culture. A diverse gastronomy, with the axis of the sea and the orchards of the interior, fundamentally based on olive oil and immediately accessible products provided by the [&hellip;]","og_url":"https:\/\/www.marmia.es\/en\/concept\/","og_site_name":"Mar M\u00eda \u2022 Brasas Mediterr\u00e1neas \u2022 Restaurante | Cocktail | Bar","article_modified_time":"2023-02-16T14:47:40+00:00","twitter_card":"summary_large_image","twitter_misc":{"Est. reading time":"2 minutes"},"schema":{"@context":"https:\/\/schema.org","@graph":[{"@type":"WebPage","@id":"https:\/\/www.marmia.es\/en\/concept\/","url":"https:\/\/www.marmia.es\/en\/concept\/","name":"Concept - Mar M\u00eda \u2022 Brasas Mediterr\u00e1neas \u2022 Restaurante | Cocktail | Bar","isPartOf":{"@id":"https:\/\/www.marmia.es\/#website"},"datePublished":"2022-02-24T12:28:07+00:00","dateModified":"2023-02-16T14:47:40+00:00","breadcrumb":{"@id":"https:\/\/www.marmia.es\/en\/concept\/#breadcrumb"},"inLanguage":"en-US","potentialAction":[{"@type":"ReadAction","target":["https:\/\/www.marmia.es\/en\/concept\/"]}]},{"@type":"BreadcrumbList","@id":"https:\/\/www.marmia.es\/en\/concept\/#breadcrumb","itemListElement":[{"@type":"ListItem","position":1,"name":"Portada","item":"https:\/\/www.marmia.es\/en\/"},{"@type":"ListItem","position":2,"name":"Concept"}]},{"@type":"WebSite","@id":"https:\/\/www.marmia.es\/#website","url":"https:\/\/www.marmia.es\/","name":"Mar M\u00eda \u2022 Brasas Mediterr\u00e1neas \u2022 Restaurante | Cocktail | Bar","description":"Brasas Mediterr\u00e1neas en el coraz\u00f3n de Madrid. Un Chiringuito Urbano con la esencia mediterr\u00e1nea de su Maravillosa Gastronom\u00eda.","potentialAction":[{"@type":"SearchAction","target":{"@type":"EntryPoint","urlTemplate":"https:\/\/www.marmia.es\/?s={search_term_string}"},"query-input":{"@type":"PropertyValueSpecification","valueRequired":true,"valueName":"search_term_string"}}],"inLanguage":"en-US"}]}},"_links":{"self":[{"href":"https:\/\/www.marmia.es\/en\/wp-json\/wp\/v2\/pages\/940","targetHints":{"allow":["GET"]}}],"collection":[{"href":"https:\/\/www.marmia.es\/en\/wp-json\/wp\/v2\/pages"}],"about":[{"href":"https:\/\/www.marmia.es\/en\/wp-json\/wp\/v2\/types\/page"}],"author":[{"embeddable":true,"href":"https:\/\/www.marmia.es\/en\/wp-json\/wp\/v2\/users\/2"}],"replies":[{"embeddable":true,"href":"https:\/\/www.marmia.es\/en\/wp-json\/wp\/v2\/comments?post=940"}],"version-history":[{"count":20,"href":"https:\/\/www.marmia.es\/en\/wp-json\/wp\/v2\/pages\/940\/revisions"}],"predecessor-version":[{"id":2358,"href":"https:\/\/www.marmia.es\/en\/wp-json\/wp\/v2\/pages\/940\/revisions\/2358"}],"wp:attachment":[{"href":"https:\/\/www.marmia.es\/en\/wp-json\/wp\/v2\/media?parent=940"}],"curies":[{"name":"wp","href":"https:\/\/api.w.org\/{rel}","templated":true}]}}