{"id":943,"date":"2022-02-18T09:29:34","date_gmt":"2022-02-18T08:29:34","guid":{"rendered":"https:\/\/www.marmia.es\/eventos-y-actividades\/"},"modified":"2022-05-19T15:44:19","modified_gmt":"2022-05-19T13:44:19","slug":"eventos-y-actividades","status":"publish","type":"page","link":"https:\/\/www.marmia.es\/en\/eventos-y-actividades\/","title":{"rendered":"Events and Activities"},"content":{"rendered":"\n<div style=\"height:55px\" aria-hidden=\"true\" class=\"wp-block-spacer\"><\/div>\n\n\n\n<div style=\"position:relative;display:flex;\" class=\"flexeventos\">\n<div class=\"quiero\" style=\"\n    text-align: center;\n    position: relative;\n\"><a style=\"line-height: .7;position: relative;text-align:center;\" href=\"https:\/\/www.marmia.es\/en\/quiero-organizar-un-evento\/\" class=\"has-text-align-center font1\">I want<br>to organize<br>an event<svg xmlns=\"http:\/\/www.w3.org\/2000\/svg\" viewBox=\"0 0 232.83 173.29\"><path class=\"cls-1\" d=\"M232.44,6.4q-3.49-2.52-33.94-4.53Q184.88,1,182.33,1,60.27-2.82,6.34,7.72c-.77.14-1.2.45-1.28.92a.92.92,0,0,0,.12.65A2.11,2.11,0,0,0,5,9.85,111.52,111.52,0,0,0,2.41,27.79q-1,11.85-1.29,26T.87,83.48q0,15.6.44,30t.86,25.92q.45,11.55.9,18.39c.12,1.95.23,3.45.33,4.53-.91.12-1.33.23-1.25.33a2.06,2.06,0,0,0-1.91,1.31,2.69,2.69,0,0,0,.09,2.41,1.94,1.94,0,0,0,2,1.09q3.48-1.81,16.3-3.3t30.47-2.34q17.66-.86,38.57-.7t40,1.27a318.53,318.53,0,0,1,35.52,3.94q16.38,2.82,24.39,6.95a2,2,0,0,0,1.68-.44,2.54,2.54,0,0,0,.9-1.58,2.42,2.42,0,0,0-.4-1.81,2.58,2.58,0,0,0-.45-.48q-.3-3.47,1.24-14.2,1.6-11.37,4.57-26.88t7.16-33.78q4.2-18.27,8.64-34.88t9.39-30.64q4.78-13.6,8.77-20.2l1.05.09C232.62,7.76,233.38,7.07,232.44,6.4ZM219.56,25.08q-4,12.22-7.79,27T204,83.28q-3.89,16.43-7.12,31.64t-5.7,27.47q-2.47,12.26-3.76,19.55-.75,4.17-1,5.88a113.17,113.17,0,0,0-19.55-4q-14.2-1.91-31.2-2.72T99.92,160q-18.84-.32-36.2,0t-31.34.76q-14,.45-22.24,1c-1.59.1-2.93.2-4.05.3a98.45,98.45,0,0,1-1.64-11.41q-1.08-10.56-1.82-25.14T1.72,93.57Q1.56,76.23,2,60.34T4,30.75Q5.53,17.06,8,10.24c0-.05,0-.1,0-.16Q22.54,7,41,5T78,2.18q18.36-.81,37.72-.87t35.79.54q16.42.57,30.86,1.66c-.43.12-.64.25-.65.38q-.13,1.36,30.68,3.36c6.12.39,10.64.69,13.61.9A142.63,142.63,0,0,0,219.56,25.08Z\"><\/path><\/svg><\/a><\/div>\n\n\n<div class=\"apuntate\" style=\"\n text-align: center;\n position: relative;\n\"><a style=\"line-height: .7;position: relative;text-align:center;\" href=\"https:\/\/www.marmia.es\/en\/calendario-de-eventos\/\" class=\"has-text-align-center font1\">Sign up<br>for our<br>activities<svg xmlns=\"http:\/\/www.w3.org\/2000\/svg\" viewBox=\"0 0 242.34 184.85\"><path class=\"cls-1\" d=\"M242.33,14.82c-.06-.45-.47-.76-1.21-.94a.81.81,0,0,0-.18-.1,1.13,1.13,0,0,0-.57-.08Q184.46,1.13,57.83.05q-2.67-.16-16.9.19Q9.11,1,5.37,3.39c-.78.5-.46,1.05.94,1.65a2.08,2.08,0,0,0-.08.83Q9,13.52,10.32,28.81t1.07,33q-.23,17.73-1.31,37.06T7.31,134.48q-1.69,16.25-3.61,28A87.8,87.8,0,0,1,.83,175.73a2.22,2.22,0,0,0-.3.31A2.25,2.25,0,0,0,0,177.82a2.42,2.42,0,0,0,.85,1.63A2.13,2.13,0,0,0,2.6,180q8.61-3.66,25.91-5.53a350.21,350.21,0,0,1,37.37-1.89q20.09,0,42,1t40.3,2.92q18.42,1.86,31.76,4.08t16.87,4.24a2.06,2.06,0,0,0,2.16-1,2.57,2.57,0,0,0,.23-2.39,1.59,1.59,0,0,0-.14-.26,94.81,94.81,0,0,1,1.42-14q1.77-11.67,4.94-27.6t7.65-34.71q4.48-18.77,9.21-35.85t9.93-31.54q5.2-14.44,9.47-21.26a1.86,1.86,0,0,0,.12-.43A1,1,0,0,0,242.33,14.82ZM231.39,34q-4.19,12.59-8.25,27.78t-8.22,32.07q-4.15,16.89-7.61,32.52t-6.11,28.22q-2.64,12.59-4,20.08c-.41,2.17-.7,3.85-.9,5q-1.87-.37-7.32-1-8.64-1-23.22-2.29T133,173.83q-18.17-1.31-37.88-2.07t-37.54-.95q-17.82-.18-32.79.92a127.43,127.43,0,0,0-20.17,2.76c.15-1.07.32-2.41.51-4Q6,162.86,7.2,150t2.41-28.9q1.23-16,2.07-33.44t1.19-33.15q.35-15.73-.36-29T10.05,5.48s0,0,0,0c2.86-.09,8.26-.22,16.24-.4Q58.49,4.3,58.39,2.93c0-.13-.22-.26-.66-.4Q72.82,2,90,2.11T127.29,3q20.19.83,39.29,2.39T205,9.76q18.67,2.69,33.43,6.2A145.12,145.12,0,0,0,231.39,34Z\"><\/path><\/svg><\/a><\/div>\n<\/div>\n\n\n\n<div style=\"height:100px\" aria-hidden=\"true\" class=\"wp-block-spacer\"><\/div>\n","protected":false},"excerpt":{"rendered":"<p>I wantto organizean event Sign upfor ouractivities<\/p>\n","protected":false},"author":2,"featured_media":0,"parent":0,"menu_order":0,"comment_status":"closed","ping_status":"closed","template":"","meta":{"_acf_changed":false,"footnotes":""},"class_list":["post-943","page","type-page","status-publish","hentry"],"acf":[],"yoast_head":"<!-- This site is optimized with the Yoast SEO plugin v27.5 - https:\/\/yoast.com\/product\/yoast-seo-wordpress\/ -->\n<title>Events and Activities - Mar M\u00eda \u2022 Brasas Mediterr\u00e1neas \u2022 Restaurante | Cocktail | Bar<\/title>\n<meta name=\"robots\" content=\"index, follow, max-snippet:-1, max-image-preview:large, max-video-preview:-1\" \/>\n<link rel=\"canonical\" href=\"https:\/\/www.marmia.es\/en\/eventos-y-actividades\/\" \/>\n<meta property=\"og:locale\" content=\"en_US\" \/>\n<meta property=\"og:type\" content=\"article\" \/>\n<meta property=\"og:title\" content=\"Events and Activities - Mar M\u00eda \u2022 Brasas Mediterr\u00e1neas \u2022 Restaurante | Cocktail | Bar\" \/>\n<meta property=\"og:description\" content=\"I wantto organizean event Sign upfor ouractivities\" \/>\n<meta property=\"og:url\" content=\"https:\/\/www.marmia.es\/en\/eventos-y-actividades\/\" \/>\n<meta property=\"og:site_name\" content=\"Mar M\u00eda \u2022 Brasas Mediterr\u00e1neas \u2022 Restaurante | Cocktail | Bar\" \/>\n<meta property=\"article:modified_time\" content=\"2022-05-19T13:44:19+00:00\" \/>\n<meta name=\"twitter:card\" content=\"summary_large_image\" \/>\n<meta name=\"twitter:label1\" content=\"Est. reading time\" \/>\n\t<meta name=\"twitter:data1\" content=\"1 minute\" \/>\n<script type=\"application\/ld+json\" class=\"yoast-schema-graph\">{\"@context\":\"https:\\\/\\\/schema.org\",\"@graph\":[{\"@type\":\"WebPage\",\"@id\":\"https:\\\/\\\/www.marmia.es\\\/en\\\/eventos-y-actividades\\\/\",\"url\":\"https:\\\/\\\/www.marmia.es\\\/en\\\/eventos-y-actividades\\\/\",\"name\":\"Events and Activities - Mar M\u00eda \u2022 Brasas Mediterr\u00e1neas \u2022 Restaurante | Cocktail | Bar\",\"isPartOf\":{\"@id\":\"https:\\\/\\\/www.marmia.es\\\/#website\"},\"datePublished\":\"2022-02-18T08:29:34+00:00\",\"dateModified\":\"2022-05-19T13:44:19+00:00\",\"breadcrumb\":{\"@id\":\"https:\\\/\\\/www.marmia.es\\\/en\\\/eventos-y-actividades\\\/#breadcrumb\"},\"inLanguage\":\"en-US\",\"potentialAction\":[{\"@type\":\"ReadAction\",\"target\":[\"https:\\\/\\\/www.marmia.es\\\/en\\\/eventos-y-actividades\\\/\"]}]},{\"@type\":\"BreadcrumbList\",\"@id\":\"https:\\\/\\\/www.marmia.es\\\/en\\\/eventos-y-actividades\\\/#breadcrumb\",\"itemListElement\":[{\"@type\":\"ListItem\",\"position\":1,\"name\":\"Portada\",\"item\":\"https:\\\/\\\/www.marmia.es\\\/en\\\/\"},{\"@type\":\"ListItem\",\"position\":2,\"name\":\"Events and Activities\"}]},{\"@type\":\"WebSite\",\"@id\":\"https:\\\/\\\/www.marmia.es\\\/#website\",\"url\":\"https:\\\/\\\/www.marmia.es\\\/\",\"name\":\"Mar M\u00eda \u2022 Brasas Mediterr\u00e1neas \u2022 Restaurante | Cocktail | Bar\",\"description\":\"Brasas Mediterr\u00e1neas en el coraz\u00f3n de Madrid. Un Chiringuito Urbano con la esencia mediterr\u00e1nea de su Maravillosa Gastronom\u00eda.\",\"potentialAction\":[{\"@type\":\"SearchAction\",\"target\":{\"@type\":\"EntryPoint\",\"urlTemplate\":\"https:\\\/\\\/www.marmia.es\\\/?s={search_term_string}\"},\"query-input\":{\"@type\":\"PropertyValueSpecification\",\"valueRequired\":true,\"valueName\":\"search_term_string\"}}],\"inLanguage\":\"en-US\"}]}<\/script>\n<!-- \/ Yoast SEO plugin. -->","yoast_head_json":{"title":"Events and Activities - Mar M\u00eda \u2022 Brasas Mediterr\u00e1neas \u2022 Restaurante | Cocktail | Bar","robots":{"index":"index","follow":"follow","max-snippet":"max-snippet:-1","max-image-preview":"max-image-preview:large","max-video-preview":"max-video-preview:-1"},"canonical":"https:\/\/www.marmia.es\/en\/eventos-y-actividades\/","og_locale":"en_US","og_type":"article","og_title":"Events and Activities - Mar M\u00eda \u2022 Brasas Mediterr\u00e1neas \u2022 Restaurante | Cocktail | Bar","og_description":"I wantto organizean event Sign upfor ouractivities","og_url":"https:\/\/www.marmia.es\/en\/eventos-y-actividades\/","og_site_name":"Mar M\u00eda \u2022 Brasas Mediterr\u00e1neas \u2022 Restaurante | Cocktail | Bar","article_modified_time":"2022-05-19T13:44:19+00:00","twitter_card":"summary_large_image","twitter_misc":{"Est. reading time":"1 minute"},"schema":{"@context":"https:\/\/schema.org","@graph":[{"@type":"WebPage","@id":"https:\/\/www.marmia.es\/en\/eventos-y-actividades\/","url":"https:\/\/www.marmia.es\/en\/eventos-y-actividades\/","name":"Events and Activities - Mar M\u00eda \u2022 Brasas Mediterr\u00e1neas \u2022 Restaurante | Cocktail | Bar","isPartOf":{"@id":"https:\/\/www.marmia.es\/#website"},"datePublished":"2022-02-18T08:29:34+00:00","dateModified":"2022-05-19T13:44:19+00:00","breadcrumb":{"@id":"https:\/\/www.marmia.es\/en\/eventos-y-actividades\/#breadcrumb"},"inLanguage":"en-US","potentialAction":[{"@type":"ReadAction","target":["https:\/\/www.marmia.es\/en\/eventos-y-actividades\/"]}]},{"@type":"BreadcrumbList","@id":"https:\/\/www.marmia.es\/en\/eventos-y-actividades\/#breadcrumb","itemListElement":[{"@type":"ListItem","position":1,"name":"Portada","item":"https:\/\/www.marmia.es\/en\/"},{"@type":"ListItem","position":2,"name":"Events and Activities"}]},{"@type":"WebSite","@id":"https:\/\/www.marmia.es\/#website","url":"https:\/\/www.marmia.es\/","name":"Mar M\u00eda \u2022 Brasas Mediterr\u00e1neas \u2022 Restaurante | Cocktail | Bar","description":"Brasas Mediterr\u00e1neas en el coraz\u00f3n de Madrid. Un Chiringuito Urbano con la esencia mediterr\u00e1nea de su Maravillosa Gastronom\u00eda.","potentialAction":[{"@type":"SearchAction","target":{"@type":"EntryPoint","urlTemplate":"https:\/\/www.marmia.es\/?s={search_term_string}"},"query-input":{"@type":"PropertyValueSpecification","valueRequired":true,"valueName":"search_term_string"}}],"inLanguage":"en-US"}]}},"_links":{"self":[{"href":"https:\/\/www.marmia.es\/en\/wp-json\/wp\/v2\/pages\/943","targetHints":{"allow":["GET"]}}],"collection":[{"href":"https:\/\/www.marmia.es\/en\/wp-json\/wp\/v2\/pages"}],"about":[{"href":"https:\/\/www.marmia.es\/en\/wp-json\/wp\/v2\/types\/page"}],"author":[{"embeddable":true,"href":"https:\/\/www.marmia.es\/en\/wp-json\/wp\/v2\/users\/2"}],"replies":[{"embeddable":true,"href":"https:\/\/www.marmia.es\/en\/wp-json\/wp\/v2\/comments?post=943"}],"version-history":[{"count":5,"href":"https:\/\/www.marmia.es\/en\/wp-json\/wp\/v2\/pages\/943\/revisions"}],"predecessor-version":[{"id":1472,"href":"https:\/\/www.marmia.es\/en\/wp-json\/wp\/v2\/pages\/943\/revisions\/1472"}],"wp:attachment":[{"href":"https:\/\/www.marmia.es\/en\/wp-json\/wp\/v2\/media?parent=943"}],"curies":[{"name":"wp","href":"https:\/\/api.w.org\/{rel}","templated":true}]}}