{"id":958,"date":"2022-02-24T13:36:30","date_gmt":"2022-02-24T12:36:30","guid":{"rendered":"https:\/\/www.marmia.es\/?page_id=958"},"modified":"2022-05-19T15:47:34","modified_gmt":"2022-05-19T13:47:34","slug":"music-program","status":"publish","type":"page","link":"https:\/\/www.marmia.es\/en\/music-program\/","title":{"rendered":"Music Program"},"content":{"rendered":"\n<h1 class=\"wp-block-heading\">Music Program<\/h1>\n\n\n\n<div style=\"height:30px\" aria-hidden=\"true\" class=\"wp-block-spacer\"><\/div>\n\n\n<div class=\"lazyblock-eventos-NHywf wp-block-lazyblock-eventos\"><div class=\"sectioneventos evnmusica\">\n    <div class=\"listaeventos\">\n                    <\/div>\n    <\/div><\/div>\n\n\n<div style=\"height:100px\" aria-hidden=\"true\" class=\"wp-block-spacer\"><\/div>\n\n\n\n<h2 class=\"has-text-align-center font1 wp-block-heading\">Dj Session<\/h2>\n\n\n\n<div style=\"height:30px\" aria-hidden=\"true\" class=\"wp-block-spacer\"><\/div>\n\n\n\n<p>Our team of resident DJs led by Samuel Ivorra will bring to life each of Mar Mia&#8217;s musical moments.<\/p>\n\n\n\n<p>Afternoon Session, Monday to Friday from 4:00 p.m. to 8:00 p.m., Saturday and Sunday from 3:00 p.m. to 8:00 p.m.<\/p>\n\n\n\n<p>Night Session every night from 10:00 p.m.<br>Different styles that adapt to each moment creating a unique atmosphere in a cozy environment to live the different atmospheres that Mar M\u00eda Madrid proposes.<\/p>\n\n\n\n<div style=\"height:100px\" aria-hidden=\"true\" class=\"wp-block-spacer\"><\/div>\n\n\n\n<figure class=\"wp-block-image size-large blkimagenparallaxpage\"><img loading=\"lazy\" decoding=\"async\" width=\"1024\" height=\"518\" src=\"https:\/\/www.marmia.es\/wp-content\/uploads\/2022\/02\/mesa2B-1-1-1024x518.png\" alt=\"\" class=\"wp-image-514\" srcset=\"https:\/\/www.marmia.es\/wp-content\/uploads\/2022\/02\/mesa2B-1-1-1024x518.png 1024w, https:\/\/www.marmia.es\/wp-content\/uploads\/2022\/02\/mesa2B-1-1-300x152.png 300w, https:\/\/www.marmia.es\/wp-content\/uploads\/2022\/02\/mesa2B-1-1-768x388.png 768w, https:\/\/www.marmia.es\/wp-content\/uploads\/2022\/02\/mesa2B-1-1-1536x777.png 1536w, https:\/\/www.marmia.es\/wp-content\/uploads\/2022\/02\/mesa2B-1-1.png 1596w\" sizes=\"auto, (max-width: 1024px) 100vw, 1024px\" \/><\/figure>\n","protected":false},"excerpt":{"rendered":"<p>Music Program Dj Session Our team of resident DJs led by Samuel Ivorra will bring to life each of Mar Mia&#8217;s musical moments. Afternoon Session, Monday to Friday from 4:00 p.m. to 8:00 p.m., Saturday and Sunday from 3:00 p.m. to 8:00 p.m. Night Session every night from 10:00 p.m.Different styles that adapt to each [&hellip;]<\/p>\n","protected":false},"author":2,"featured_media":0,"parent":0,"menu_order":0,"comment_status":"closed","ping_status":"closed","template":"","meta":{"_acf_changed":false,"footnotes":""},"class_list":["post-958","page","type-page","status-publish","hentry"],"acf":[],"yoast_head":"<!-- This site is optimized with the Yoast SEO plugin v27.4 - https:\/\/yoast.com\/product\/yoast-seo-wordpress\/ -->\n<title>Music Program - Mar M\u00eda \u2022 Brasas Mediterr\u00e1neas \u2022 Restaurante | Cocktail | Bar<\/title>\n<meta name=\"robots\" content=\"index, follow, max-snippet:-1, max-image-preview:large, max-video-preview:-1\" \/>\n<link rel=\"canonical\" href=\"https:\/\/www.marmia.es\/en\/music-program\/\" \/>\n<meta property=\"og:locale\" content=\"en_US\" \/>\n<meta property=\"og:type\" content=\"article\" \/>\n<meta property=\"og:title\" content=\"Music Program - Mar M\u00eda \u2022 Brasas Mediterr\u00e1neas \u2022 Restaurante | Cocktail | Bar\" \/>\n<meta property=\"og:description\" content=\"Music Program Dj Session Our team of resident DJs led by Samuel Ivorra will bring to life each of Mar Mia&#8217;s musical moments. Afternoon Session, Monday to Friday from 4:00 p.m. to 8:00 p.m., Saturday and Sunday from 3:00 p.m. to 8:00 p.m. Night Session every night from 10:00 p.m.Different styles that adapt to each [&hellip;]\" \/>\n<meta property=\"og:url\" content=\"https:\/\/www.marmia.es\/en\/music-program\/\" \/>\n<meta property=\"og:site_name\" content=\"Mar M\u00eda \u2022 Brasas Mediterr\u00e1neas \u2022 Restaurante | Cocktail | Bar\" \/>\n<meta property=\"article:modified_time\" content=\"2022-05-19T13:47:34+00:00\" \/>\n<meta property=\"og:image\" content=\"https:\/\/www.marmia.es\/wp-content\/uploads\/2022\/02\/mesa2B-1-1-1024x518.png\" \/>\n<meta name=\"twitter:card\" content=\"summary_large_image\" \/>\n<meta name=\"twitter:label1\" content=\"Est. reading time\" \/>\n\t<meta name=\"twitter:data1\" content=\"1 minute\" \/>\n<script type=\"application\/ld+json\" class=\"yoast-schema-graph\">{\"@context\":\"https:\\\/\\\/schema.org\",\"@graph\":[{\"@type\":\"WebPage\",\"@id\":\"https:\\\/\\\/www.marmia.es\\\/en\\\/music-program\\\/\",\"url\":\"https:\\\/\\\/www.marmia.es\\\/en\\\/music-program\\\/\",\"name\":\"Music Program - Mar M\u00eda \u2022 Brasas Mediterr\u00e1neas \u2022 Restaurante | Cocktail | Bar\",\"isPartOf\":{\"@id\":\"https:\\\/\\\/www.marmia.es\\\/#website\"},\"primaryImageOfPage\":{\"@id\":\"https:\\\/\\\/www.marmia.es\\\/en\\\/music-program\\\/#primaryimage\"},\"image\":{\"@id\":\"https:\\\/\\\/www.marmia.es\\\/en\\\/music-program\\\/#primaryimage\"},\"thumbnailUrl\":\"https:\\\/\\\/www.marmia.es\\\/wp-content\\\/uploads\\\/2022\\\/02\\\/mesa2B-1-1-1024x518.png\",\"datePublished\":\"2022-02-24T12:36:30+00:00\",\"dateModified\":\"2022-05-19T13:47:34+00:00\",\"breadcrumb\":{\"@id\":\"https:\\\/\\\/www.marmia.es\\\/en\\\/music-program\\\/#breadcrumb\"},\"inLanguage\":\"en-US\",\"potentialAction\":[{\"@type\":\"ReadAction\",\"target\":[\"https:\\\/\\\/www.marmia.es\\\/en\\\/music-program\\\/\"]}]},{\"@type\":\"ImageObject\",\"inLanguage\":\"en-US\",\"@id\":\"https:\\\/\\\/www.marmia.es\\\/en\\\/music-program\\\/#primaryimage\",\"url\":\"https:\\\/\\\/www.marmia.es\\\/wp-content\\\/uploads\\\/2022\\\/02\\\/mesa2B-1-1-1024x518.png\",\"contentUrl\":\"https:\\\/\\\/www.marmia.es\\\/wp-content\\\/uploads\\\/2022\\\/02\\\/mesa2B-1-1-1024x518.png\"},{\"@type\":\"BreadcrumbList\",\"@id\":\"https:\\\/\\\/www.marmia.es\\\/en\\\/music-program\\\/#breadcrumb\",\"itemListElement\":[{\"@type\":\"ListItem\",\"position\":1,\"name\":\"Portada\",\"item\":\"https:\\\/\\\/www.marmia.es\\\/en\\\/\"},{\"@type\":\"ListItem\",\"position\":2,\"name\":\"Music Program\"}]},{\"@type\":\"WebSite\",\"@id\":\"https:\\\/\\\/www.marmia.es\\\/#website\",\"url\":\"https:\\\/\\\/www.marmia.es\\\/\",\"name\":\"Mar M\u00eda \u2022 Brasas Mediterr\u00e1neas \u2022 Restaurante | Cocktail | Bar\",\"description\":\"Brasas Mediterr\u00e1neas en el coraz\u00f3n de Madrid. Un Chiringuito Urbano con la esencia mediterr\u00e1nea de su Maravillosa Gastronom\u00eda.\",\"potentialAction\":[{\"@type\":\"SearchAction\",\"target\":{\"@type\":\"EntryPoint\",\"urlTemplate\":\"https:\\\/\\\/www.marmia.es\\\/?s={search_term_string}\"},\"query-input\":{\"@type\":\"PropertyValueSpecification\",\"valueRequired\":true,\"valueName\":\"search_term_string\"}}],\"inLanguage\":\"en-US\"}]}<\/script>\n<!-- \/ Yoast SEO plugin. -->","yoast_head_json":{"title":"Music Program - Mar M\u00eda \u2022 Brasas Mediterr\u00e1neas \u2022 Restaurante | Cocktail | Bar","robots":{"index":"index","follow":"follow","max-snippet":"max-snippet:-1","max-image-preview":"max-image-preview:large","max-video-preview":"max-video-preview:-1"},"canonical":"https:\/\/www.marmia.es\/en\/music-program\/","og_locale":"en_US","og_type":"article","og_title":"Music Program - Mar M\u00eda \u2022 Brasas Mediterr\u00e1neas \u2022 Restaurante | Cocktail | Bar","og_description":"Music Program Dj Session Our team of resident DJs led by Samuel Ivorra will bring to life each of Mar Mia&#8217;s musical moments. Afternoon Session, Monday to Friday from 4:00 p.m. to 8:00 p.m., Saturday and Sunday from 3:00 p.m. to 8:00 p.m. Night Session every night from 10:00 p.m.Different styles that adapt to each [&hellip;]","og_url":"https:\/\/www.marmia.es\/en\/music-program\/","og_site_name":"Mar M\u00eda \u2022 Brasas Mediterr\u00e1neas \u2022 Restaurante | Cocktail | Bar","article_modified_time":"2022-05-19T13:47:34+00:00","og_image":[{"url":"https:\/\/www.marmia.es\/wp-content\/uploads\/2022\/02\/mesa2B-1-1-1024x518.png","type":"","width":"","height":""}],"twitter_card":"summary_large_image","twitter_misc":{"Est. reading time":"1 minute"},"schema":{"@context":"https:\/\/schema.org","@graph":[{"@type":"WebPage","@id":"https:\/\/www.marmia.es\/en\/music-program\/","url":"https:\/\/www.marmia.es\/en\/music-program\/","name":"Music Program - Mar M\u00eda \u2022 Brasas Mediterr\u00e1neas \u2022 Restaurante | Cocktail | Bar","isPartOf":{"@id":"https:\/\/www.marmia.es\/#website"},"primaryImageOfPage":{"@id":"https:\/\/www.marmia.es\/en\/music-program\/#primaryimage"},"image":{"@id":"https:\/\/www.marmia.es\/en\/music-program\/#primaryimage"},"thumbnailUrl":"https:\/\/www.marmia.es\/wp-content\/uploads\/2022\/02\/mesa2B-1-1-1024x518.png","datePublished":"2022-02-24T12:36:30+00:00","dateModified":"2022-05-19T13:47:34+00:00","breadcrumb":{"@id":"https:\/\/www.marmia.es\/en\/music-program\/#breadcrumb"},"inLanguage":"en-US","potentialAction":[{"@type":"ReadAction","target":["https:\/\/www.marmia.es\/en\/music-program\/"]}]},{"@type":"ImageObject","inLanguage":"en-US","@id":"https:\/\/www.marmia.es\/en\/music-program\/#primaryimage","url":"https:\/\/www.marmia.es\/wp-content\/uploads\/2022\/02\/mesa2B-1-1-1024x518.png","contentUrl":"https:\/\/www.marmia.es\/wp-content\/uploads\/2022\/02\/mesa2B-1-1-1024x518.png"},{"@type":"BreadcrumbList","@id":"https:\/\/www.marmia.es\/en\/music-program\/#breadcrumb","itemListElement":[{"@type":"ListItem","position":1,"name":"Portada","item":"https:\/\/www.marmia.es\/en\/"},{"@type":"ListItem","position":2,"name":"Music Program"}]},{"@type":"WebSite","@id":"https:\/\/www.marmia.es\/#website","url":"https:\/\/www.marmia.es\/","name":"Mar M\u00eda \u2022 Brasas Mediterr\u00e1neas \u2022 Restaurante | Cocktail | Bar","description":"Brasas Mediterr\u00e1neas en el coraz\u00f3n de Madrid. Un Chiringuito Urbano con la esencia mediterr\u00e1nea de su Maravillosa Gastronom\u00eda.","potentialAction":[{"@type":"SearchAction","target":{"@type":"EntryPoint","urlTemplate":"https:\/\/www.marmia.es\/?s={search_term_string}"},"query-input":{"@type":"PropertyValueSpecification","valueRequired":true,"valueName":"search_term_string"}}],"inLanguage":"en-US"}]}},"_links":{"self":[{"href":"https:\/\/www.marmia.es\/en\/wp-json\/wp\/v2\/pages\/958","targetHints":{"allow":["GET"]}}],"collection":[{"href":"https:\/\/www.marmia.es\/en\/wp-json\/wp\/v2\/pages"}],"about":[{"href":"https:\/\/www.marmia.es\/en\/wp-json\/wp\/v2\/types\/page"}],"author":[{"embeddable":true,"href":"https:\/\/www.marmia.es\/en\/wp-json\/wp\/v2\/users\/2"}],"replies":[{"embeddable":true,"href":"https:\/\/www.marmia.es\/en\/wp-json\/wp\/v2\/comments?post=958"}],"version-history":[{"count":2,"href":"https:\/\/www.marmia.es\/en\/wp-json\/wp\/v2\/pages\/958\/revisions"}],"predecessor-version":[{"id":1475,"href":"https:\/\/www.marmia.es\/en\/wp-json\/wp\/v2\/pages\/958\/revisions\/1475"}],"wp:attachment":[{"href":"https:\/\/www.marmia.es\/en\/wp-json\/wp\/v2\/media?parent=958"}],"curies":[{"name":"wp","href":"https:\/\/api.w.org\/{rel}","templated":true}]}}