{"id":960,"date":"2022-01-20T01:49:14","date_gmt":"2022-01-20T00:49:14","guid":{"rendered":"https:\/\/www.marmia.es\/?page_id=960"},"modified":"2022-05-23T13:14:43","modified_gmt":"2022-05-23T11:14:43","slug":"contacto","status":"publish","type":"page","link":"https:\/\/www.marmia.es\/en\/contacto\/","title":{"rendered":"Contact"},"content":{"rendered":"\n<h1 class=\"wp-block-heading\">Contact<\/h1>\n\n\n\n<div class=\"wp-block-contact-form-7-contact-form-selector\">\n<div class=\"wpcf7 no-js\" id=\"wpcf7-f1480-o1\" lang=\"en-US\" dir=\"ltr\" data-wpcf7-id=\"1480\">\n<div class=\"screen-reader-response\"><p role=\"status\" aria-live=\"polite\" aria-atomic=\"true\"><\/p> <ul><\/ul><\/div>\n<form action=\"\/en\/wp-json\/wp\/v2\/pages\/960#wpcf7-f1480-o1\" method=\"post\" class=\"wpcf7-form init\" aria-label=\"Contact form\" novalidate=\"novalidate\" data-status=\"init\">\n<fieldset class=\"hidden-fields-container\"><input type=\"hidden\" name=\"_wpcf7\" value=\"1480\" \/><input type=\"hidden\" name=\"_wpcf7_version\" value=\"6.1.5\" \/><input type=\"hidden\" name=\"_wpcf7_locale\" value=\"en_US\" \/><input type=\"hidden\" name=\"_wpcf7_unit_tag\" value=\"wpcf7-f1480-o1\" \/><input type=\"hidden\" name=\"_wpcf7_container_post\" value=\"0\" \/><input type=\"hidden\" name=\"_wpcf7_posted_data_hash\" value=\"\" \/>\n<\/fieldset>\n<div class=\"inptxt txtemail\">\n\t<p><label class=\"rectl\">Email<\/label><br \/>\n<span class=\"wpcf7-form-control-wrap\" data-name=\"your-email\"><input size=\"40\" maxlength=\"400\" class=\"wpcf7-form-control wpcf7-email wpcf7-validates-as-required wpcf7-text wpcf7-validates-as-email\" aria-required=\"true\" aria-invalid=\"false\" value=\"\" type=\"email\" name=\"your-email\" \/><\/span>\n\t<\/p>\n<\/div>\n<div class=\"inptxt txtarea\">\n\t<p><label class=\"rectl\">Message<\/label><br \/>\n<span class=\"wpcf7-form-control-wrap\" data-name=\"your-message\"><textarea cols=\"40\" rows=\"10\" maxlength=\"2000\" class=\"wpcf7-form-control wpcf7-textarea wpcf7-validates-as-required\" aria-required=\"true\" aria-invalid=\"false\" name=\"your-message\"><\/textarea><\/span>\n\t<\/p>\n<\/div>\n<div>\n\t<p><label><span class=\"wpcf7-form-control-wrap\" data-name=\"acceptance-341\"><span class=\"wpcf7-form-control wpcf7-acceptance\"><span class=\"wpcf7-list-item\"><input type=\"checkbox\" name=\"acceptance-341\" value=\"1\" aria-invalid=\"false\" \/><\/span><\/span><\/span><span class=\"conditiontext\">I have read and agree <a href=\"https:\/\/www.marmia.es\/politica-privacidad\/\" rel=\"noopener\" target=\"_blank\">privacy policy and terms and conditions<\/a><\/span><br \/>\n<\/label><br \/>\n<input class=\"wpcf7-form-control wpcf7-submit has-spinner\" type=\"submit\" value=\"Enviar\" \/>\n\t<\/p>\n<\/div><div class=\"wpcf7-response-output\" aria-hidden=\"true\"><\/div>\n<\/form>\n<\/div>\n<\/div>\n\n\n\n<div style=\"height:30px\" aria-hidden=\"true\" class=\"wp-block-spacer\"><\/div>\n\n\n\n<iframe src=\"https:\/\/www.google.com\/maps\/embed?pb=!1m14!1m8!1m3!1d12150.292895765087!2d-3.7088071!3d40.4183043!3m2!1i1024!2i768!4f13.1!3m3!1m2!1s0x0%3A0x95b7ef4544a72e31!2zTWFyIE3DrWE!5e0!3m2!1ses!2ses!4v1643891473976!5m2!1ses!2ses\" width=\"100%\" height=\"450\" style=\"border:0;\" allowfullscreen=\"\" loading=\"lazy\"><\/iframe>\n\n\n\n<div style=\"height:50px\" aria-hidden=\"true\" class=\"wp-block-spacer\"><\/div>\n","protected":false},"excerpt":{"rendered":"<p>Contact<\/p>\n","protected":false},"author":1,"featured_media":0,"parent":0,"menu_order":0,"comment_status":"closed","ping_status":"closed","template":"","meta":{"_acf_changed":false,"footnotes":""},"class_list":["post-960","page","type-page","status-publish","hentry"],"acf":[],"yoast_head":"<!-- This site is optimized with the Yoast SEO plugin v27.4 - https:\/\/yoast.com\/product\/yoast-seo-wordpress\/ -->\n<title>Contact - Mar M\u00eda \u2022 Brasas Mediterr\u00e1neas \u2022 Restaurante | Cocktail | Bar<\/title>\n<meta name=\"robots\" content=\"index, follow, max-snippet:-1, max-image-preview:large, max-video-preview:-1\" \/>\n<link rel=\"canonical\" href=\"https:\/\/www.marmia.es\/en\/contacto\/\" \/>\n<meta property=\"og:locale\" content=\"en_US\" \/>\n<meta property=\"og:type\" content=\"article\" \/>\n<meta property=\"og:title\" content=\"Contact - Mar M\u00eda \u2022 Brasas Mediterr\u00e1neas \u2022 Restaurante | Cocktail | Bar\" \/>\n<meta property=\"og:description\" content=\"Contact\" \/>\n<meta property=\"og:url\" content=\"https:\/\/www.marmia.es\/en\/contacto\/\" \/>\n<meta property=\"og:site_name\" content=\"Mar M\u00eda \u2022 Brasas Mediterr\u00e1neas \u2022 Restaurante | Cocktail | Bar\" \/>\n<meta property=\"article:modified_time\" content=\"2022-05-23T11:14:43+00:00\" \/>\n<meta name=\"twitter:card\" content=\"summary_large_image\" \/>\n<meta name=\"twitter:label1\" content=\"Est. reading time\" \/>\n\t<meta name=\"twitter:data1\" content=\"1 minute\" \/>\n<script type=\"application\/ld+json\" class=\"yoast-schema-graph\">{\"@context\":\"https:\\\/\\\/schema.org\",\"@graph\":[{\"@type\":\"WebPage\",\"@id\":\"https:\\\/\\\/www.marmia.es\\\/en\\\/contacto\\\/\",\"url\":\"https:\\\/\\\/www.marmia.es\\\/en\\\/contacto\\\/\",\"name\":\"Contact - Mar M\u00eda \u2022 Brasas Mediterr\u00e1neas \u2022 Restaurante | Cocktail | Bar\",\"isPartOf\":{\"@id\":\"https:\\\/\\\/www.marmia.es\\\/#website\"},\"datePublished\":\"2022-01-20T00:49:14+00:00\",\"dateModified\":\"2022-05-23T11:14:43+00:00\",\"breadcrumb\":{\"@id\":\"https:\\\/\\\/www.marmia.es\\\/en\\\/contacto\\\/#breadcrumb\"},\"inLanguage\":\"en-US\",\"potentialAction\":[{\"@type\":\"ReadAction\",\"target\":[\"https:\\\/\\\/www.marmia.es\\\/en\\\/contacto\\\/\"]}]},{\"@type\":\"BreadcrumbList\",\"@id\":\"https:\\\/\\\/www.marmia.es\\\/en\\\/contacto\\\/#breadcrumb\",\"itemListElement\":[{\"@type\":\"ListItem\",\"position\":1,\"name\":\"Portada\",\"item\":\"https:\\\/\\\/www.marmia.es\\\/en\\\/\"},{\"@type\":\"ListItem\",\"position\":2,\"name\":\"Contact\"}]},{\"@type\":\"WebSite\",\"@id\":\"https:\\\/\\\/www.marmia.es\\\/#website\",\"url\":\"https:\\\/\\\/www.marmia.es\\\/\",\"name\":\"Mar M\u00eda \u2022 Brasas Mediterr\u00e1neas \u2022 Restaurante | Cocktail | Bar\",\"description\":\"Brasas Mediterr\u00e1neas en el coraz\u00f3n de Madrid. Un Chiringuito Urbano con la esencia mediterr\u00e1nea de su Maravillosa Gastronom\u00eda.\",\"potentialAction\":[{\"@type\":\"SearchAction\",\"target\":{\"@type\":\"EntryPoint\",\"urlTemplate\":\"https:\\\/\\\/www.marmia.es\\\/?s={search_term_string}\"},\"query-input\":{\"@type\":\"PropertyValueSpecification\",\"valueRequired\":true,\"valueName\":\"search_term_string\"}}],\"inLanguage\":\"en-US\"}]}<\/script>\n<!-- \/ Yoast SEO plugin. -->","yoast_head_json":{"title":"Contact - Mar M\u00eda \u2022 Brasas Mediterr\u00e1neas \u2022 Restaurante | Cocktail | Bar","robots":{"index":"index","follow":"follow","max-snippet":"max-snippet:-1","max-image-preview":"max-image-preview:large","max-video-preview":"max-video-preview:-1"},"canonical":"https:\/\/www.marmia.es\/en\/contacto\/","og_locale":"en_US","og_type":"article","og_title":"Contact - Mar M\u00eda \u2022 Brasas Mediterr\u00e1neas \u2022 Restaurante | Cocktail | Bar","og_description":"Contact","og_url":"https:\/\/www.marmia.es\/en\/contacto\/","og_site_name":"Mar M\u00eda \u2022 Brasas Mediterr\u00e1neas \u2022 Restaurante | Cocktail | Bar","article_modified_time":"2022-05-23T11:14:43+00:00","twitter_card":"summary_large_image","twitter_misc":{"Est. reading time":"1 minute"},"schema":{"@context":"https:\/\/schema.org","@graph":[{"@type":"WebPage","@id":"https:\/\/www.marmia.es\/en\/contacto\/","url":"https:\/\/www.marmia.es\/en\/contacto\/","name":"Contact - Mar M\u00eda \u2022 Brasas Mediterr\u00e1neas \u2022 Restaurante | Cocktail | Bar","isPartOf":{"@id":"https:\/\/www.marmia.es\/#website"},"datePublished":"2022-01-20T00:49:14+00:00","dateModified":"2022-05-23T11:14:43+00:00","breadcrumb":{"@id":"https:\/\/www.marmia.es\/en\/contacto\/#breadcrumb"},"inLanguage":"en-US","potentialAction":[{"@type":"ReadAction","target":["https:\/\/www.marmia.es\/en\/contacto\/"]}]},{"@type":"BreadcrumbList","@id":"https:\/\/www.marmia.es\/en\/contacto\/#breadcrumb","itemListElement":[{"@type":"ListItem","position":1,"name":"Portada","item":"https:\/\/www.marmia.es\/en\/"},{"@type":"ListItem","position":2,"name":"Contact"}]},{"@type":"WebSite","@id":"https:\/\/www.marmia.es\/#website","url":"https:\/\/www.marmia.es\/","name":"Mar M\u00eda \u2022 Brasas Mediterr\u00e1neas \u2022 Restaurante | Cocktail | Bar","description":"Brasas Mediterr\u00e1neas en el coraz\u00f3n de Madrid. Un Chiringuito Urbano con la esencia mediterr\u00e1nea de su Maravillosa Gastronom\u00eda.","potentialAction":[{"@type":"SearchAction","target":{"@type":"EntryPoint","urlTemplate":"https:\/\/www.marmia.es\/?s={search_term_string}"},"query-input":{"@type":"PropertyValueSpecification","valueRequired":true,"valueName":"search_term_string"}}],"inLanguage":"en-US"}]}},"_links":{"self":[{"href":"https:\/\/www.marmia.es\/en\/wp-json\/wp\/v2\/pages\/960","targetHints":{"allow":["GET"]}}],"collection":[{"href":"https:\/\/www.marmia.es\/en\/wp-json\/wp\/v2\/pages"}],"about":[{"href":"https:\/\/www.marmia.es\/en\/wp-json\/wp\/v2\/types\/page"}],"author":[{"embeddable":true,"href":"https:\/\/www.marmia.es\/en\/wp-json\/wp\/v2\/users\/1"}],"replies":[{"embeddable":true,"href":"https:\/\/www.marmia.es\/en\/wp-json\/wp\/v2\/comments?post=960"}],"version-history":[{"count":8,"href":"https:\/\/www.marmia.es\/en\/wp-json\/wp\/v2\/pages\/960\/revisions"}],"predecessor-version":[{"id":1495,"href":"https:\/\/www.marmia.es\/en\/wp-json\/wp\/v2\/pages\/960\/revisions\/1495"}],"wp:attachment":[{"href":"https:\/\/www.marmia.es\/en\/wp-json\/wp\/v2\/media?parent=960"}],"curies":[{"name":"wp","href":"https:\/\/api.w.org\/{rel}","templated":true}]}}