{"id":964,"date":"2022-02-15T09:49:09","date_gmt":"2022-02-15T08:49:09","guid":{"rendered":"https:\/\/www.marmia.es\/?page_id=964"},"modified":"2022-03-15T23:28:29","modified_gmt":"2022-03-15T22:28:29","slug":"aviso-legal","status":"publish","type":"page","link":"https:\/\/www.marmia.es\/en\/aviso-legal\/","title":{"rendered":"Legal warning"},"content":{"rendered":"\n<h1 class=\"wp-block-heading\" id=\"aviso-legal\">Legal warning<\/h1>\n\n\n\n<div style=\"height:25px\" aria-hidden=\"true\" class=\"wp-block-spacer\"><\/div>\n\n\n\n<p><strong>Los t\u00e9rminos y condiciones que a continuaci\u00f3n se indican regulan el acceso y el uso del sitio web www.marmia.es, propiedad de Plaza Isabel II Restauraci\u00f3n S.L., en adelante Plaza Isabel II Restauraci\u00f3n con n\u00famero de tel\u00e9fono de atenci\u00f3n al cliente +34 965 14 44 44 y direcci\u00f3n en C\/ Claudio Coello, 3 Local Izq. de la Ciudad de Madrid por parte de los usuarios de la web.&nbsp;<\/strong><\/p>\n\n\n\n<h5 class=\"wp-block-heading\" style=\"font-size:18px\"><strong>T\u00c9RMINOS LEGALES Y CONDICIONES<\/strong><\/h5>\n\n\n\n<p>La utilizaci\u00f3n de este sitio web supone un acuerdo entre el Usuario y Plaza Isabel II Restauraci\u00f3n que implica la adhesi\u00f3n plena y sin reserva a todas y cada una de las condiciones que a continuaci\u00f3n se especifican por parte del Usuario que acceda a la web.<\/p>\n\n\n\n<p>Plaza Isabel II Restauraci\u00f3n podr\u00e1 alterar en cualquier momento y sin previo aviso el dise\u00f1o, presentaci\u00f3n y\/o configuraci\u00f3n del sitio web, as\u00ed como algunos o todos los contenidos, y modificar las condiciones generales y\/o particulares requeridas para la utilizaci\u00f3n de los mismos.<\/p>\n\n\n\n<h5 class=\"wp-block-heading\"><strong>ACCESO<\/strong><\/h5>\n\n\n\n<p>1.- Con car\u00e1cter general, los Usuarios podr\u00e1n acceder al sitio web de forma libre y gratuita.<\/p>\n\n\n\n<p>No obstante, Plaza Isabel II Restauraci\u00f3n se reserva conforme a la legislaci\u00f3n vigente el derecho a limitar el acceso a determinadas \u00e1reas del sitio web. En estos casos, como requisito previo para poder acceder al servicio, el Usuario deber\u00e1 registrarse facilitando toda la informaci\u00f3n solicitada, de forma actualizada y real (v\u00e9ase pol\u00edtica de privacidad). El Usuario es responsable de custodiar y tratar de forma confidencial la contrase\u00f1a que le sea proporcionada por Plaza Isabel II Restauraci\u00f3n S.L. para acceder al sitio web, evitando el acceso a la misma por parte de terceras personas no autorizadas. El Usuario acepta hacerse responsable de las consecuencias econ\u00f3micas derivadas de cualquier utilizaci\u00f3n del sitio web que se produzca mediante el uso de su contrase\u00f1a por parte de terceros. Asimismo el Usuario se compromete y declara que todos los datos introducidos para la solicitud de reservas o cualquier otro motivo son ciertos, en especial la direcci\u00f3n de correo electr\u00f3nico que se indique a efectos de notificaciones, comprometi\u00e9ndose a mantenerla actualizada en los sucesivos usos que pueda hacer de los servicios ofrecidos en la web.<\/p>\n\n\n\n<p>2.- Plaza Isabel II Restauraci\u00f3n se reserva el derecho a denegar o retirar el acceso al Portal y\/o servicios en cualquier momento, y sin necesidad de previo aviso a aquellos Usuarios que incumplan las presentes condiciones generales.<\/p>\n\n\n\n<p>3.- Plaza Isabel II Restauraci\u00f3n se reserva el derecho a interrumpir el acceso a su sitio web, as\u00ed como la prestaci\u00f3n de cualquiera o todos de sus contenidos que se prestan a trav\u00e9s del mismo, en cualquier momento y sin previo aviso, ya sea por motivos t\u00e9cnicos, de seguridad, de control, de mantenimiento, por fallos de suministro el\u00e9ctrico o por cualquier otra causa. Dicha interrupci\u00f3n podr\u00e1 tener car\u00e1cter temporal o definitivo, en cuyo caso se comunicar\u00e1 tal circunstancia a los Usuarios, quienes podr\u00e1n sufrir la p\u00e9rdida, en su caso, de la informaci\u00f3n almacenada en los distintos servicios.<\/p>\n\n\n\n<p>Asimismo, Plaza Isabel II Restauraci\u00f3n se reserva el derecho a modificar, suspender, cancelar, o restringir del contenido de la web los v\u00ednculos o la informaci\u00f3n contenida a trav\u00e9s de ella, sin necesidad de previo aviso.<\/p>\n\n\n\n<p>4.- Plaza Isabel II Restauraci\u00f3n no ser\u00e1 responsable de ning\u00fan tipo de perjuicio, p\u00e9rdida, reclamaci\u00f3n o gasto derivados de la informaci\u00f3n adquirida o accedida por o a trav\u00e9s de la web, virus inform\u00e1ticos, fallos operativos, interrupciones en el servicio o transmisi\u00f3n o fallos en la l\u00ednea.<\/p>\n\n\n\n<p>5.- Queda absolutamente prohibido transmitir o enviar a trav\u00e9s de la web cualquier contenido ilegal o il\u00edcito, virus inform\u00e1ticos o mensajes que, en general, afecten o violen los derechos de Plaza Isabel II Restauraci\u00f3n o terceros.<\/p>\n\n\n\n<p>6.- Plaza Isabel II Restauraci\u00f3n no se hace responsable de las webs propiedad de terceros a los que se pueda acceder mediante v\u00ednculos (\u201clinks\u201d) o de cualquier contenido puesto a disposici\u00f3n por terceros. Cualquier uso del v\u00ednculo o acceso a una web que no sea propiedad de Plaza Isabel II Restauraci\u00f3n ser\u00e1 realizado por voluntad y cuenta y riesgo del Usuario. Plaza Isabel II Restauraci\u00f3n no recomienda ni garantiza ninguna informaci\u00f3n obtenida por o a trav\u00e9s de un v\u00ednculo, ni se responsabiliza de ninguna p\u00e9rdida, reclamaci\u00f3n o perjuicio derivado del uso o mal uso de un v\u00ednculo o e la informaci\u00f3n obtenida a trav\u00e9s del mismo, incluyendo otros v\u00ednculos o webs, de la interrupci\u00f3n del servicio o en el acceso, o del intento de usar o usar incorrectamente un v\u00ednculo, tanto al acceder a la web, como al acceder a la informaci\u00f3n de otras webs.<\/p>\n\n\n\n<p>7.- El Usuario se compromete a utilizar el portal, los servicios, los contenidos y estas condiciones generales de conformidad con la ley, la moral las buenas costumbres y el orden p\u00fablico. Del mismo modo se obliga a usar el portal, los servicios, y los contenidos de la web de forma diligente, correcta y l\u00edcita, y a no utilizarlos con fines contrarios al contenido de las presentes Condiciones generales, que sean lesivos a los intereses o derechos de terceros, o que de cualquier forma pueda da\u00f1ar, inutilizar o deteriorar el sitio web o sus servicios, o impedir un normal disfrute de la web por otros usuarios.<\/p>\n\n\n\n<p>En particular, y a t\u00edtulo meramente indicativo y no exhaustivo, el Usuario se compromete a abstenerse de reproducir o copiar, distribuir o poner a disposici\u00f3n de terceros informaciones, datos, contenidos, mensajes, gr\u00e1ficos, dibujos o archivos de sonido y\/o imagen, fotograf\u00edas, grabaciones, software y, en general, cualquier clase de material que:<\/p>\n\n\n\n<p>a.- de cualquier manera sea contrario, menosprecie o atente contra los derechos fundamentales y las libertades p\u00fablicas reconocidas constitucionalmente, tratados intencionales y resto de legislaci\u00f3n aplicable.<\/p>\n\n\n\n<p>b.- induzca, incite o promueva actuaciones, actitudes o pensamientos discriminatorios por raz\u00f3n de sexo, raza, religi\u00f3n, creencias, edad o condici\u00f3n.<\/p>\n\n\n\n<p>c.- induzca, incite o promueva actuaciones delictivas, denigratorias, difamatorias, infamantes, violentas o, en general, contrarias a la ley, la moral, las costumbres generalmente aceptadas o el orden p\u00fablico.<\/p>\n\n\n\n<p>d.- incorpore, ponga a disposici\u00f3n o permita acceder a productos, elementos, mensajes y\/o servicios delictivos, violentos, ofensivos, nocivos, degradantes o, en general, contrarios a la ley, a la moral, las buenas costumbres o el orden p\u00fablico.<\/p>\n\n\n\n<p>e.- sea falso, ambiguo, inexacto, exagerado o extempor\u00e1neo, de forma que induzca o pueda inducir a error sobre su objeto o sobre las intenciones o prop\u00f3sito del comunicante.<\/p>\n\n\n\n<p>f.- se encuentre protegido por cualesquiera derechos de propiedad intelectual o industrial pertenecientes a terceros, sin que el Usuario haya obtenido previamente de sus titulares la autorizaci\u00f3n necesaria para llevar a cabo el uso que se efect\u00faa o se pretende efectuar.<\/p>\n\n\n\n<p>g.- viole los secretos empresariales de terceros.<\/p>\n\n\n\n<p>h.- sea contrario al derecho al honor, a la intimidad personal y familiar o a la propia imagen de las personas.<\/p>\n\n\n\n<p>i.- de cualquier manera menoscabe el cr\u00e9dito de Plaza Isabel II Restauraci\u00f3n o de terceros.<\/p>\n\n\n\n<p>j.- infrinja la normativa sobre secreto de las comunicaciones.<\/p>\n\n\n\n<p>k.- constituya, en su caso, publicidad il\u00edcita, enga\u00f1osa o desleal y, en general, que constituya competencia desleal.<\/p>\n\n\n\n<p>l.- incorpore virus, programas, u otros elementos f\u00edsicos o electr\u00f3nicos que sean susceptibles de causar cualquier tipo de alteraci\u00f3n en los sistemas inform\u00e1ticos de Plaza Isabel II Restauraci\u00f3n o de terceros.<\/p>\n\n\n\n<p>8.- De conformidad con lo expuesto, el Usuario se compromete a utilizar los contenidos puestos a disposici\u00f3n de los usuarios en el sitio web (entendiendo por estos, sin car\u00e1cter limitativo, los textos, fotograf\u00edas, gr\u00e1ficos, im\u00e1genes, iconos, tecnolog\u00eda, software, links, y dem\u00e1s contenidos audiovisuales o sonoros, as\u00ed como su dise\u00f1o gr\u00e1fico y c\u00f3digos fuente, en adelante los Contenidos) de conformidad con la ley, las presentes condiciones, los dem\u00e1s avisos, reglamentos de uso e instrucciones puestos en su conocimiento, as\u00ed como con la moral y las buenas costumbres generalmente aceptadas y el orden p\u00fablico, y en particular se compromete a abstenerse de:<\/p>\n\n\n\n<p>reproducir, copiar, distribuir, poner a disposici\u00f3n o de cualquier otra forma comunicar p\u00fablicamente, transformar o modificar los Contenidos, a menos que se cuente con la autorizaci\u00f3n del titular de los correspondientes derechos o ello resulte legalmente permitido.<\/p>\n\n\n\n<p>suprimir, eludir, o manipular el \u201ccopyright\u201d y dem\u00e1s datos identificativos de los derechos de sus titulares incorporados a los Contenidos, as\u00ed como los dispositivos t\u00e9cnicos de protecci\u00f3n, o cualesquiera mecanismos de informaci\u00f3n que pudieren contener los \u201cContenidos\u201d.<\/p>\n\n\n\n<h5 class=\"wp-block-heading\"><strong>USO DE COOKIES<\/strong><\/h5>\n\n\n\n<p>En Plaza Isabel II Restauraci\u00f3n utilizamos cookies para facilitar el uso y manejo de nuestra p\u00e1gina web con el objetivo final de prestar un mejor servicio y proporcionar una mejor experiencia al Usuario. No obstante, el Usuario tiene la opci\u00f3n de impedir la generaci\u00f3n de cookies mediante la selecci\u00f3n de la correspondiente opci\u00f3n en su programa navegador, si bien la desactivaci\u00f3n de las mismas puede impedir el buen funcionamiento de la p\u00e1gina.<\/p>\n\n\n\n<p>Para mayor informaci\u00f3n sobre Cookies, por favor revise la pol\u00edtica de Cookies publicada en nuestra p\u00e1gina.<\/p>\n\n\n\n<h5 class=\"wp-block-heading\"><strong>PROPIEDAD INDUSTRIAL E INTELECTUAL<\/strong><\/h5>\n\n\n\n<p>Esta web es propiedad de Plaza Isabel II Restauraci\u00f3n. Los derechos de propiedad intelectual y derechos de explotaci\u00f3n y reproducci\u00f3n de esta web, de sus p\u00e1ginas, pantallas, la informaci\u00f3n que contienen, su apariencia y dise\u00f1o, as\u00ed como los v\u00ednculos que se establezcan desde ella a otras p\u00e1ginas web de cualquier sociedad de las indicadas anteriormente, son propiedad exclusiva de Plaza Isabel II Restauraci\u00f3n, salvo que se especifique otra cosa.<\/p>\n\n\n\n<p>Todas las denominaciones, dise\u00f1o y\/o logotipos que componen esta p\u00e1gina son marcas debidamente registradas.<\/p>\n\n\n\n<p>Cualquier uso indebido de las mismas por persona diferente de su leg\u00edtimo titular podr\u00e1 ser perseguido de conformidad con la legislaci\u00f3n vigente. Los derechos de la propiedad intelectual y marcas de terceros est\u00e1n destacados convenientemente y deben ser respetados por todo aquel que acceda a la web. Solo para uso personal y privado se permite descargar los contenidos, copiar o imprimir cualquier p\u00e1gina de esta web. Queda prohibido reproducir, transmitir, modificar o suprimir la informaci\u00f3n, contenido o advertencias de esta web sin la previa autorizaci\u00f3n escrita de Plaza Isabel II Restauraci\u00f3n.<\/p>\n\n\n\n<h5 class=\"wp-block-heading\"><strong>LEGISLACI\u00d3N APLICABLE<\/strong><\/h5>\n\n\n\n<p>Las presentes condiciones generales se regir\u00e1n por la legislaci\u00f3n espa\u00f1ola, siendo competentes los Juzgados y Tribunales de Alicante a los que el Usuario se somete expresamente.<br><br><br><br><\/p>\n","protected":false},"excerpt":{"rendered":"<p>Legal warning Los t\u00e9rminos y condiciones que a continuaci\u00f3n se indican regulan el acceso y el uso del sitio web www.marmia.es, propiedad de Plaza Isabel II Restauraci\u00f3n S.L., en adelante Plaza Isabel II Restauraci\u00f3n con n\u00famero de tel\u00e9fono de atenci\u00f3n al cliente +34 965 14 44 44 y direcci\u00f3n en C\/ Claudio Coello, 3 Local [&hellip;]<\/p>\n","protected":false},"author":2,"featured_media":0,"parent":0,"menu_order":0,"comment_status":"closed","ping_status":"closed","template":"","meta":{"_acf_changed":false,"footnotes":""},"class_list":["post-964","page","type-page","status-publish","hentry"],"acf":[],"yoast_head":"<!-- This site is optimized with the Yoast SEO plugin v27.4 - https:\/\/yoast.com\/product\/yoast-seo-wordpress\/ -->\n<title>Legal warning - Mar M\u00eda \u2022 Brasas Mediterr\u00e1neas \u2022 Restaurante | Cocktail | Bar<\/title>\n<meta name=\"robots\" content=\"index, follow, max-snippet:-1, max-image-preview:large, max-video-preview:-1\" \/>\n<link rel=\"canonical\" href=\"https:\/\/www.marmia.es\/en\/aviso-legal\/\" \/>\n<meta property=\"og:locale\" content=\"en_US\" \/>\n<meta property=\"og:type\" content=\"article\" \/>\n<meta property=\"og:title\" content=\"Legal warning - Mar M\u00eda \u2022 Brasas Mediterr\u00e1neas \u2022 Restaurante | Cocktail | Bar\" \/>\n<meta property=\"og:description\" content=\"Legal warning Los t\u00e9rminos y condiciones que a continuaci\u00f3n se indican regulan el acceso y el uso del sitio web www.marmia.es, propiedad de Plaza Isabel II Restauraci\u00f3n S.L., en adelante Plaza Isabel II Restauraci\u00f3n con n\u00famero de tel\u00e9fono de atenci\u00f3n al cliente +34 965 14 44 44 y direcci\u00f3n en C\/ Claudio Coello, 3 Local [&hellip;]\" \/>\n<meta property=\"og:url\" content=\"https:\/\/www.marmia.es\/en\/aviso-legal\/\" \/>\n<meta property=\"og:site_name\" content=\"Mar M\u00eda \u2022 Brasas Mediterr\u00e1neas \u2022 Restaurante | Cocktail | Bar\" \/>\n<meta property=\"article:modified_time\" content=\"2022-03-15T22:28:29+00:00\" \/>\n<meta name=\"twitter:card\" content=\"summary_large_image\" \/>\n<meta name=\"twitter:label1\" content=\"Est. reading time\" \/>\n\t<meta name=\"twitter:data1\" content=\"8 minutes\" \/>\n<script type=\"application\/ld+json\" class=\"yoast-schema-graph\">{\"@context\":\"https:\\\/\\\/schema.org\",\"@graph\":[{\"@type\":\"WebPage\",\"@id\":\"https:\\\/\\\/www.marmia.es\\\/en\\\/aviso-legal\\\/\",\"url\":\"https:\\\/\\\/www.marmia.es\\\/en\\\/aviso-legal\\\/\",\"name\":\"Legal warning - Mar M\u00eda \u2022 Brasas Mediterr\u00e1neas \u2022 Restaurante | Cocktail | Bar\",\"isPartOf\":{\"@id\":\"https:\\\/\\\/www.marmia.es\\\/#website\"},\"datePublished\":\"2022-02-15T08:49:09+00:00\",\"dateModified\":\"2022-03-15T22:28:29+00:00\",\"breadcrumb\":{\"@id\":\"https:\\\/\\\/www.marmia.es\\\/en\\\/aviso-legal\\\/#breadcrumb\"},\"inLanguage\":\"en-US\",\"potentialAction\":[{\"@type\":\"ReadAction\",\"target\":[\"https:\\\/\\\/www.marmia.es\\\/en\\\/aviso-legal\\\/\"]}]},{\"@type\":\"BreadcrumbList\",\"@id\":\"https:\\\/\\\/www.marmia.es\\\/en\\\/aviso-legal\\\/#breadcrumb\",\"itemListElement\":[{\"@type\":\"ListItem\",\"position\":1,\"name\":\"Portada\",\"item\":\"https:\\\/\\\/www.marmia.es\\\/en\\\/\"},{\"@type\":\"ListItem\",\"position\":2,\"name\":\"Legal warning\"}]},{\"@type\":\"WebSite\",\"@id\":\"https:\\\/\\\/www.marmia.es\\\/#website\",\"url\":\"https:\\\/\\\/www.marmia.es\\\/\",\"name\":\"Mar M\u00eda \u2022 Brasas Mediterr\u00e1neas \u2022 Restaurante | Cocktail | Bar\",\"description\":\"Brasas Mediterr\u00e1neas en el coraz\u00f3n de Madrid. Un Chiringuito Urbano con la esencia mediterr\u00e1nea de su Maravillosa Gastronom\u00eda.\",\"potentialAction\":[{\"@type\":\"SearchAction\",\"target\":{\"@type\":\"EntryPoint\",\"urlTemplate\":\"https:\\\/\\\/www.marmia.es\\\/?s={search_term_string}\"},\"query-input\":{\"@type\":\"PropertyValueSpecification\",\"valueRequired\":true,\"valueName\":\"search_term_string\"}}],\"inLanguage\":\"en-US\"}]}<\/script>\n<!-- \/ Yoast SEO plugin. -->","yoast_head_json":{"title":"Legal warning - Mar M\u00eda \u2022 Brasas Mediterr\u00e1neas \u2022 Restaurante | Cocktail | Bar","robots":{"index":"index","follow":"follow","max-snippet":"max-snippet:-1","max-image-preview":"max-image-preview:large","max-video-preview":"max-video-preview:-1"},"canonical":"https:\/\/www.marmia.es\/en\/aviso-legal\/","og_locale":"en_US","og_type":"article","og_title":"Legal warning - Mar M\u00eda \u2022 Brasas Mediterr\u00e1neas \u2022 Restaurante | Cocktail | Bar","og_description":"Legal warning Los t\u00e9rminos y condiciones que a continuaci\u00f3n se indican regulan el acceso y el uso del sitio web www.marmia.es, propiedad de Plaza Isabel II Restauraci\u00f3n S.L., en adelante Plaza Isabel II Restauraci\u00f3n con n\u00famero de tel\u00e9fono de atenci\u00f3n al cliente +34 965 14 44 44 y direcci\u00f3n en C\/ Claudio Coello, 3 Local [&hellip;]","og_url":"https:\/\/www.marmia.es\/en\/aviso-legal\/","og_site_name":"Mar M\u00eda \u2022 Brasas Mediterr\u00e1neas \u2022 Restaurante | Cocktail | Bar","article_modified_time":"2022-03-15T22:28:29+00:00","twitter_card":"summary_large_image","twitter_misc":{"Est. reading time":"8 minutes"},"schema":{"@context":"https:\/\/schema.org","@graph":[{"@type":"WebPage","@id":"https:\/\/www.marmia.es\/en\/aviso-legal\/","url":"https:\/\/www.marmia.es\/en\/aviso-legal\/","name":"Legal warning - Mar M\u00eda \u2022 Brasas Mediterr\u00e1neas \u2022 Restaurante | Cocktail | Bar","isPartOf":{"@id":"https:\/\/www.marmia.es\/#website"},"datePublished":"2022-02-15T08:49:09+00:00","dateModified":"2022-03-15T22:28:29+00:00","breadcrumb":{"@id":"https:\/\/www.marmia.es\/en\/aviso-legal\/#breadcrumb"},"inLanguage":"en-US","potentialAction":[{"@type":"ReadAction","target":["https:\/\/www.marmia.es\/en\/aviso-legal\/"]}]},{"@type":"BreadcrumbList","@id":"https:\/\/www.marmia.es\/en\/aviso-legal\/#breadcrumb","itemListElement":[{"@type":"ListItem","position":1,"name":"Portada","item":"https:\/\/www.marmia.es\/en\/"},{"@type":"ListItem","position":2,"name":"Legal warning"}]},{"@type":"WebSite","@id":"https:\/\/www.marmia.es\/#website","url":"https:\/\/www.marmia.es\/","name":"Mar M\u00eda \u2022 Brasas Mediterr\u00e1neas \u2022 Restaurante | Cocktail | Bar","description":"Brasas Mediterr\u00e1neas en el coraz\u00f3n de Madrid. Un Chiringuito Urbano con la esencia mediterr\u00e1nea de su Maravillosa Gastronom\u00eda.","potentialAction":[{"@type":"SearchAction","target":{"@type":"EntryPoint","urlTemplate":"https:\/\/www.marmia.es\/?s={search_term_string}"},"query-input":{"@type":"PropertyValueSpecification","valueRequired":true,"valueName":"search_term_string"}}],"inLanguage":"en-US"}]}},"_links":{"self":[{"href":"https:\/\/www.marmia.es\/en\/wp-json\/wp\/v2\/pages\/964","targetHints":{"allow":["GET"]}}],"collection":[{"href":"https:\/\/www.marmia.es\/en\/wp-json\/wp\/v2\/pages"}],"about":[{"href":"https:\/\/www.marmia.es\/en\/wp-json\/wp\/v2\/types\/page"}],"author":[{"embeddable":true,"href":"https:\/\/www.marmia.es\/en\/wp-json\/wp\/v2\/users\/2"}],"replies":[{"embeddable":true,"href":"https:\/\/www.marmia.es\/en\/wp-json\/wp\/v2\/comments?post=964"}],"version-history":[{"count":2,"href":"https:\/\/www.marmia.es\/en\/wp-json\/wp\/v2\/pages\/964\/revisions"}],"predecessor-version":[{"id":976,"href":"https:\/\/www.marmia.es\/en\/wp-json\/wp\/v2\/pages\/964\/revisions\/976"}],"wp:attachment":[{"href":"https:\/\/www.marmia.es\/en\/wp-json\/wp\/v2\/media?parent=964"}],"curies":[{"name":"wp","href":"https:\/\/api.w.org\/{rel}","templated":true}]}}