{"id":972,"date":"2022-01-31T11:06:42","date_gmt":"2022-01-31T10:06:42","guid":{"rendered":"https:\/\/www.marmia.es\/?page_id=972"},"modified":"2025-01-27T09:36:05","modified_gmt":"2025-01-27T08:36:05","slug":"booking","status":"publish","type":"page","link":"https:\/\/www.marmia.es\/en\/booking\/","title":{"rendered":"Bookings"},"content":{"rendered":"\n<h1 class=\"wp-block-heading\">Bookings<\/h1>\n\n\n\n<div style=\"height:56px\" aria-hidden=\"true\" class=\"wp-block-spacer\"><\/div>\n\n\n\n<script type=\"text\/javascript\"\n                                                                                        src=\"https:\/\/www.covermanager.com\/js\/iframeResizer.min.js\"><\/script><iframe loading=\"lazy\"\n                                                            id=\"restaurante-marmia\" title=\"Reservas\"\n                                                            src=\"https:\/\/www.covermanager.com\/reservation\/module_restaurant\/restaurante-marmia\/english\"\n                                                            allow=\"payment\" frameborder=\"0\" height=\"550\" width=\"100%\" onload=\"iFrameResize();\"><\/iframe>\n\n\n\n<div style=\"height:80px\" aria-hidden=\"true\" class=\"wp-block-spacer\"><\/div>\n\n\n\n<h1 class=\"wp-block-heading has-text-align-center\" id=\"eventos-y-actividades\">Our schedules<\/h1>\n\n\n\n<div style=\"height:52px\" aria-hidden=\"true\" class=\"wp-block-spacer\"><\/div>\n\n\n\n<div class=\"tablaeventos tablahorarios left\">\n  <div class=\"\">\n    <div class=\"\">\n      \n    <\/div>\n    <div class=\"\">\n      \n    <\/div>\n  <\/div>\n  <div class=\"\">\n    <div class=\"font1 bold\">\n      Breakfasts\n    <\/div>\n    <div class=\"colordestacado\">\n      <strong>7:30h &#8211; 11:30h<\/strong> <em>(all days)<\/em>\n    <\/div>\n  <\/div>\n  <div class=\"\">\n    <div class=\"font1\">\n      Tapas bar\n    <\/div>\n    <div class=\"colordestacado\">\n      <strong>12:00h &#8211; 23:30h<\/strong> <em>(all days)<\/em>\n    <\/div>\n  <\/div>\n  <div class=\"\">\n    <div class=\"font1\">\n      Cocktail Bar\n    <\/div>\n    <div class=\"colordestacado\">\n      <strong>12:00h &#8211; 24:00h<\/strong> <em>(all days)<\/em>\n    <\/div>\n  <\/div>\n  <div class=\" \">\n    <div class=\"font1\">\n      Restaurant\n    <\/div>\n    <div class=\"colordestacado\">\n       <strong>13:00h &#8211; 16:30h&nbsp;&nbsp;\/&nbsp;&nbsp;20:00h a 23:30h<\/strong> <em class=\"block\">*Open all days<\/em>\n    <\/div>\n  <\/div>\n  \n<\/div>\n\n\n\n<div style=\"height:80px\" aria-hidden=\"true\" class=\"wp-block-spacer\"><\/div>\n\n\n\n<p><\/p>\n","protected":false},"excerpt":{"rendered":"<p>Bookings Our schedules Breakfasts 7:30h &#8211; 11:30h (all days) Tapas bar 12:00h &#8211; 23:30h (all days) Cocktail Bar 12:00h &#8211; 24:00h (all days) Restaurant 13:00h &#8211; 16:30h&nbsp;&nbsp;\/&nbsp;&nbsp;20:00h a 23:30h *Open all days<\/p>\n","protected":false},"author":2,"featured_media":0,"parent":0,"menu_order":0,"comment_status":"closed","ping_status":"closed","template":"","meta":{"_acf_changed":false,"footnotes":""},"class_list":["post-972","page","type-page","status-publish","hentry"],"acf":[],"yoast_head":"<!-- This site is optimized with the Yoast SEO plugin v27.4 - https:\/\/yoast.com\/product\/yoast-seo-wordpress\/ -->\n<title>Bookings - Mar M\u00eda \u2022 Brasas Mediterr\u00e1neas \u2022 Restaurante | Cocktail | Bar<\/title>\n<meta name=\"robots\" content=\"index, follow, max-snippet:-1, max-image-preview:large, max-video-preview:-1\" \/>\n<link rel=\"canonical\" href=\"https:\/\/www.marmia.es\/en\/booking\/\" \/>\n<meta property=\"og:locale\" content=\"en_US\" \/>\n<meta property=\"og:type\" content=\"article\" \/>\n<meta property=\"og:title\" content=\"Bookings - Mar M\u00eda \u2022 Brasas Mediterr\u00e1neas \u2022 Restaurante | Cocktail | Bar\" \/>\n<meta property=\"og:description\" content=\"Bookings Our schedules Breakfasts 7:30h &#8211; 11:30h (all days) Tapas bar 12:00h &#8211; 23:30h (all days) Cocktail Bar 12:00h &#8211; 24:00h (all days) Restaurant 13:00h &#8211; 16:30h&nbsp;&nbsp;\/&nbsp;&nbsp;20:00h a 23:30h *Open all days\" \/>\n<meta property=\"og:url\" content=\"https:\/\/www.marmia.es\/en\/booking\/\" \/>\n<meta property=\"og:site_name\" content=\"Mar M\u00eda \u2022 Brasas Mediterr\u00e1neas \u2022 Restaurante | Cocktail | Bar\" \/>\n<meta property=\"article:modified_time\" content=\"2025-01-27T08:36:05+00:00\" \/>\n<meta name=\"twitter:card\" content=\"summary_large_image\" \/>\n<meta name=\"twitter:label1\" content=\"Est. reading time\" \/>\n\t<meta name=\"twitter:data1\" content=\"1 minute\" \/>\n<script type=\"application\/ld+json\" class=\"yoast-schema-graph\">{\"@context\":\"https:\\\/\\\/schema.org\",\"@graph\":[{\"@type\":\"WebPage\",\"@id\":\"https:\\\/\\\/www.marmia.es\\\/en\\\/booking\\\/\",\"url\":\"https:\\\/\\\/www.marmia.es\\\/en\\\/booking\\\/\",\"name\":\"Bookings - Mar M\u00eda \u2022 Brasas Mediterr\u00e1neas \u2022 Restaurante | Cocktail | Bar\",\"isPartOf\":{\"@id\":\"https:\\\/\\\/www.marmia.es\\\/#website\"},\"datePublished\":\"2022-01-31T10:06:42+00:00\",\"dateModified\":\"2025-01-27T08:36:05+00:00\",\"breadcrumb\":{\"@id\":\"https:\\\/\\\/www.marmia.es\\\/en\\\/booking\\\/#breadcrumb\"},\"inLanguage\":\"en-US\",\"potentialAction\":[{\"@type\":\"ReadAction\",\"target\":[\"https:\\\/\\\/www.marmia.es\\\/en\\\/booking\\\/\"]}]},{\"@type\":\"BreadcrumbList\",\"@id\":\"https:\\\/\\\/www.marmia.es\\\/en\\\/booking\\\/#breadcrumb\",\"itemListElement\":[{\"@type\":\"ListItem\",\"position\":1,\"name\":\"Portada\",\"item\":\"https:\\\/\\\/www.marmia.es\\\/en\\\/\"},{\"@type\":\"ListItem\",\"position\":2,\"name\":\"Bookings\"}]},{\"@type\":\"WebSite\",\"@id\":\"https:\\\/\\\/www.marmia.es\\\/#website\",\"url\":\"https:\\\/\\\/www.marmia.es\\\/\",\"name\":\"Mar M\u00eda \u2022 Brasas Mediterr\u00e1neas \u2022 Restaurante | Cocktail | Bar\",\"description\":\"Brasas Mediterr\u00e1neas en el coraz\u00f3n de Madrid. Un Chiringuito Urbano con la esencia mediterr\u00e1nea de su Maravillosa Gastronom\u00eda.\",\"potentialAction\":[{\"@type\":\"SearchAction\",\"target\":{\"@type\":\"EntryPoint\",\"urlTemplate\":\"https:\\\/\\\/www.marmia.es\\\/?s={search_term_string}\"},\"query-input\":{\"@type\":\"PropertyValueSpecification\",\"valueRequired\":true,\"valueName\":\"search_term_string\"}}],\"inLanguage\":\"en-US\"}]}<\/script>\n<!-- \/ Yoast SEO plugin. -->","yoast_head_json":{"title":"Bookings - Mar M\u00eda \u2022 Brasas Mediterr\u00e1neas \u2022 Restaurante | Cocktail | Bar","robots":{"index":"index","follow":"follow","max-snippet":"max-snippet:-1","max-image-preview":"max-image-preview:large","max-video-preview":"max-video-preview:-1"},"canonical":"https:\/\/www.marmia.es\/en\/booking\/","og_locale":"en_US","og_type":"article","og_title":"Bookings - Mar M\u00eda \u2022 Brasas Mediterr\u00e1neas \u2022 Restaurante | Cocktail | Bar","og_description":"Bookings Our schedules Breakfasts 7:30h &#8211; 11:30h (all days) Tapas bar 12:00h &#8211; 23:30h (all days) Cocktail Bar 12:00h &#8211; 24:00h (all days) Restaurant 13:00h &#8211; 16:30h&nbsp;&nbsp;\/&nbsp;&nbsp;20:00h a 23:30h *Open all days","og_url":"https:\/\/www.marmia.es\/en\/booking\/","og_site_name":"Mar M\u00eda \u2022 Brasas Mediterr\u00e1neas \u2022 Restaurante | Cocktail | Bar","article_modified_time":"2025-01-27T08:36:05+00:00","twitter_card":"summary_large_image","twitter_misc":{"Est. reading time":"1 minute"},"schema":{"@context":"https:\/\/schema.org","@graph":[{"@type":"WebPage","@id":"https:\/\/www.marmia.es\/en\/booking\/","url":"https:\/\/www.marmia.es\/en\/booking\/","name":"Bookings - Mar M\u00eda \u2022 Brasas Mediterr\u00e1neas \u2022 Restaurante | Cocktail | Bar","isPartOf":{"@id":"https:\/\/www.marmia.es\/#website"},"datePublished":"2022-01-31T10:06:42+00:00","dateModified":"2025-01-27T08:36:05+00:00","breadcrumb":{"@id":"https:\/\/www.marmia.es\/en\/booking\/#breadcrumb"},"inLanguage":"en-US","potentialAction":[{"@type":"ReadAction","target":["https:\/\/www.marmia.es\/en\/booking\/"]}]},{"@type":"BreadcrumbList","@id":"https:\/\/www.marmia.es\/en\/booking\/#breadcrumb","itemListElement":[{"@type":"ListItem","position":1,"name":"Portada","item":"https:\/\/www.marmia.es\/en\/"},{"@type":"ListItem","position":2,"name":"Bookings"}]},{"@type":"WebSite","@id":"https:\/\/www.marmia.es\/#website","url":"https:\/\/www.marmia.es\/","name":"Mar M\u00eda \u2022 Brasas Mediterr\u00e1neas \u2022 Restaurante | Cocktail | Bar","description":"Brasas Mediterr\u00e1neas en el coraz\u00f3n de Madrid. Un Chiringuito Urbano con la esencia mediterr\u00e1nea de su Maravillosa Gastronom\u00eda.","potentialAction":[{"@type":"SearchAction","target":{"@type":"EntryPoint","urlTemplate":"https:\/\/www.marmia.es\/?s={search_term_string}"},"query-input":{"@type":"PropertyValueSpecification","valueRequired":true,"valueName":"search_term_string"}}],"inLanguage":"en-US"}]}},"_links":{"self":[{"href":"https:\/\/www.marmia.es\/en\/wp-json\/wp\/v2\/pages\/972","targetHints":{"allow":["GET"]}}],"collection":[{"href":"https:\/\/www.marmia.es\/en\/wp-json\/wp\/v2\/pages"}],"about":[{"href":"https:\/\/www.marmia.es\/en\/wp-json\/wp\/v2\/types\/page"}],"author":[{"embeddable":true,"href":"https:\/\/www.marmia.es\/en\/wp-json\/wp\/v2\/users\/2"}],"replies":[{"embeddable":true,"href":"https:\/\/www.marmia.es\/en\/wp-json\/wp\/v2\/comments?post=972"}],"version-history":[{"count":9,"href":"https:\/\/www.marmia.es\/en\/wp-json\/wp\/v2\/pages\/972\/revisions"}],"predecessor-version":[{"id":2807,"href":"https:\/\/www.marmia.es\/en\/wp-json\/wp\/v2\/pages\/972\/revisions\/2807"}],"wp:attachment":[{"href":"https:\/\/www.marmia.es\/en\/wp-json\/wp\/v2\/media?parent=972"}],"curies":[{"name":"wp","href":"https:\/\/api.w.org\/{rel}","templated":true}]}}